{"id":6104,"date":"2020-05-06T16:02:39","date_gmt":"2020-05-06T14:02:39","guid":{"rendered":"https:\/\/cliniqueophtalmo.com\/?page_id=6104"},"modified":"2020-12-21T15:42:24","modified_gmt":"2020-12-21T14:42:24","slug":"clinique-du-jour","status":"publish","type":"page","link":"https:\/\/cliniqueophtalmo.tn\/ar\/clinique-du-jour\/","title":{"rendered":"\u0627\u0644\u0639\u064a\u0627\u062f\u0629 \u0627\u0644\u0646\u0647\u0627\u0631\u064a\u0629"},"content":{"rendered":"<p>[vc_row row_content_width=&#8221;grid&#8221;][vc_column][vc_empty_space height=&#8221;40px&#8221;]<div class=\"mkdf-section-title-holder  mkdf-st-standard mkdf-st-title-left mkdf-st-normal-space \" style=\"text-align: center\">\n\t<div class=\"mkdf-st-inner\">\n\t\t\t\t\t<h2 class=\"mkdf-st-title\" style=\"color: #20275b\">\n\t\t\t\t\u0645\u0631\u0643\u0632 \u0627\u0644\u0627\u0633\u062a\u0643\u0634\u0627\u0641\t\t\t<\/h2>\n\t\t                    <div class=\"mkdf-separator-holder clearfix  mkdf-separator-center \">\n\t<div class=\"mkdf-separator\" style=\"width: 40px\"><\/div>\n<\/div>\n        \t\t\t<\/div>\n<\/div>[vc_empty_space height=&#8221;40px&#8221;]<div class=\"mkdf-accordion-holder mkdf-ac-default  mkdf-accordion mkdf-ac-boxed  clearfix\">\n\t<h3 class=\"mkdf-accordion-title\">\n    <span class=\"mkdf-accordion-mark\">\n\t\t<span class=\"mkdf_icon_plus icon_plus\"><\/span>\n\t\t<span class=\"mkdf_icon_minus icon_minus-06\"><\/span>\n\t<\/span>\n\t<span class=\"mkdf-tab-title\">\u062a\u0642\u064a\u064a\u0645 \u0627\u0644\u0633\u0627\u062f<\/span>\n<\/h3>\n<div class=\"mkdf-accordion-content\">\n\t<div class=\"mkdf-accordion-content-inner\">\n\t\t[vc_column_text]<\/p>\n<ul>\n<li>\u0627\u0644\u0642\u064a\u0627\u0633\u0627\u062a \u0627\u0644\u062d\u064a\u0648\u064a\u0629<\/li>\n<li>\u0627\u0644\u0641\u062d\u0635 \u0627\u0644\u0645\u062c\u0647\u0631\u064a \u0627\u0644\u0645\u0631\u0622\u0648\u064a<\/li>\n<li>\u0635\u062f\u0649 B<\/li>\n<\/ul>\n<p>[\/vc_column_text]\t<\/div>\n<\/div><\/div><div class=\"mkdf-accordion-holder mkdf-ac-default  mkdf-accordion mkdf-ac-boxed  clearfix\">\n\t<h3 class=\"mkdf-accordion-title\">\n    <span class=\"mkdf-accordion-mark\">\n\t\t<span class=\"mkdf_icon_plus icon_plus\"><\/span>\n\t\t<span class=\"mkdf_icon_minus icon_minus-06\"><\/span>\n\t<\/span>\n\t<span class=\"mkdf-tab-title\">\u062a\u0642\u064a\u064a\u0645 \u0627\u0644\u062c\u0644\u0648\u0643\u0648\u0645\u0627<\/span>\n<\/h3>\n<div class=\"mkdf-accordion-content\">\n\t<div class=\"mkdf-accordion-content-inner\">\n\t\t[vc_column_text]<\/p>\n<ul>\n<li>\u0627\u0644\u0645\u062c\u0627\u0644 \u0627\u0644\u0628\u0635\u0631\u064a<\/li>\n<li>OCT \u0627\u0644\u062d\u0644\u064a\u0645\u064a<\/li>\n<li>OCT \u0627\u0644\u0628\u0642\u0639\u064a<\/li>\n<li>UBM<\/li>\n<li>OCT \u0644\u0644\u062c\u0632\u0621 \u0627\u0644\u0623\u0645\u0627\u0645\u064a<\/li>\n<li>\u0642\u064a\u0627\u0633 \u0627\u0644\u062a\u0648\u062a\u0631<\/li>\n<\/ul>\n<p>[\/vc_column_text]\t<\/div>\n<\/div><\/div><div class=\"mkdf-accordion-holder mkdf-ac-default  mkdf-accordion mkdf-ac-boxed  clearfix\">\n\t<h3 class=\"mkdf-accordion-title\">\n    <span class=\"mkdf-accordion-mark\">\n\t\t<span class=\"mkdf_icon_plus icon_plus\"><\/span>\n\t\t<span class=\"mkdf_icon_minus icon_minus-06\"><\/span>\n\t<\/span>\n\t<span class=\"mkdf-tab-title\">\u062a\u0642\u064a\u064a\u0645 \u0627\u0644\u062c\u0631\u0627\u062d\u0629 \u0627\u0644\u0627\u0646\u0643\u0633\u0627\u0631\u064a\u0629<\/span>\n<\/h3>\n<div class=\"mkdf-accordion-content\">\n\t<div class=\"mkdf-accordion-content-inner\">\n\t\t[vc_column_text]<\/p>\n<ul>\n<li>\u062a\u0636\u0627\u0631\u064a\u0633 \u0627\u0644\u0642\u0631\u0646\u064a\u0629<\/li>\n<li>OCT \u0644\u0644\u062c\u0632\u0621 \u0627\u0644\u0623\u0645\u0627\u0645\u064a \u0645\u0639 \u062e\u0631\u064a\u0637\u0629 \u0638\u0647\u0627\u0631\u064a\u0629<\/li>\n<li>\u0627\u0644\u0642\u064a\u0627\u0633\u0627\u062a \u0627\u0644\u062d\u064a\u0648\u064a\u0629<\/li>\n<li>\u0627\u0644\u0641\u062d\u0635 \u0627\u0644\u0645\u062c\u0647\u0631\u064a \u0627\u0644\u0645\u0631\u0622\u0648\u064a<\/li>\n<\/ul>\n<p>[\/vc_column_text]\t<\/div>\n<\/div><\/div><div class=\"mkdf-accordion-holder mkdf-ac-default  mkdf-accordion mkdf-ac-boxed  clearfix\">\n\t<h3 class=\"mkdf-accordion-title\">\n    <span class=\"mkdf-accordion-mark\">\n\t\t<span class=\"mkdf_icon_plus icon_plus\"><\/span>\n\t\t<span class=\"mkdf_icon_minus icon_minus-06\"><\/span>\n\t<\/span>\n\t<span class=\"mkdf-tab-title\">\u062a\u0642\u064a\u064a\u0645 \u0627\u0644\u0634\u0628\u0643\u064a\u0629 \u0648\u0641\u062d\u0635 \u0627\u0639\u062a\u0644\u0627\u0644 \u0627\u0644\u0634\u0628\u0643\u064a\u0629 \u0627\u0644\u0633\u0643\u0631\u064a<\/span>\n<\/h3>\n<div class=\"mkdf-accordion-content\">\n\t<div class=\"mkdf-accordion-content-inner\">\n\t\t[vc_column_text]<\/p>\n<ul>\n<li>\u062a\u0635\u0648\u064a\u0631 \u0627\u0644\u0623\u0648\u0639\u064a\u0629 \u0627\u0644\u0634\u0628\u0643\u064a\u0629 \u0628\u0632\u0627\u0648\u064a\u0629 \u0648\u0627\u0633\u0639\u0629<\/li>\n<li>OCT &#8211; \u062a\u0635\u0648\u064a\u0631 \u0627\u0644\u0623\u0648\u0639\u064a\u0629<\/li>\n<\/ul>\n<p>[\/vc_column_text]\t<\/div>\n<\/div><\/div><div class=\"mkdf-accordion-holder mkdf-ac-default  mkdf-accordion mkdf-ac-boxed  clearfix\">\n\t<h3 class=\"mkdf-accordion-title\">\n    <span class=\"mkdf-accordion-mark\">\n\t\t<span class=\"mkdf_icon_plus icon_plus\"><\/span>\n\t\t<span class=\"mkdf_icon_minus icon_minus-06\"><\/span>\n\t<\/span>\n\t<span class=\"mkdf-tab-title\">\u0627\u0644\u062a\u0642\u064a\u064a\u0645 \u0627\u0644\u0643\u0647\u0631\u0628\u064a\u0629<\/span>\n<\/h3>\n<div class=\"mkdf-accordion-content\">\n\t<div class=\"mkdf-accordion-content-inner\">\n\t\t[vc_column_text]<\/p>\n<ul>\n<li style=\"font-weight: 400;\"><span style=\"font-weight: 400;\">ERG<\/span><\/li>\n<li style=\"font-weight: 400;\"><span style=\"font-weight: 400;\">PEV\u00a0<\/span><\/li>\n<li>ERG \u0645\u062a\u0639\u062f\u062f \u0627\u0644\u0628\u0624\u0631<\/li>\n<\/ul>\n<p>[\/vc_column_text]\t<\/div>\n<\/div><\/div><div class=\"mkdf-accordion-holder mkdf-ac-default  mkdf-accordion mkdf-ac-boxed  clearfix\">\n\t<h3 class=\"mkdf-accordion-title\">\n    <span class=\"mkdf-accordion-mark\">\n\t\t<span class=\"mkdf_icon_plus icon_plus\"><\/span>\n\t\t<span class=\"mkdf_icon_minus icon_minus-06\"><\/span>\n\t<\/span>\n\t<span class=\"mkdf-tab-title\">\u062a\u0642\u064a\u064a\u0645 \u0627\u0644\u0641\u062d\u0635 \u0627\u0644\u062a\u0633\u0645\u0645 \u0627\u0644\u062f\u0648\u0627\u0626\u064a<\/span>\n<\/h3>\n<div class=\"mkdf-accordion-content\">\n\t<div class=\"mkdf-accordion-content-inner\">\n\t\t[vc_column_text]<\/p>\n<ul>\n<li>APS (\u0627\u0644\u0643\u0644\u0648\u0631\u0648\u0643\u064a\u0646) \u060c \u0645\u0636\u0627\u062f \u0644\u0645\u0631\u0636 \u0627\u0644\u0633\u0644.<\/li>\n<li>ERG \u0645\u062a\u0639\u062f\u062f \u0627\u0644\u0628\u0624\u0631<\/li>\n<li style=\"font-weight: 400;\">PEV<\/li>\n<li>\u0627\u0644\u0645\u062c\u0627\u0644 \u0627\u0644\u0628\u0635\u0631\u064a \u0627\u0644\u0645\u0631\u0643\u0632\u064a<\/li>\n<li>\u0627\u062e\u062a\u0628\u0627\u0631 \u0631\u0624\u064a\u0629 \u0627\u0644\u0623\u0644\u0648\u0627\u0646<\/li>\n<li>OCT \u0627\u0644\u0634\u0628\u0643\u064a\u0629<\/li>\n<\/ul>\n<p>[\/vc_column_text]\t<\/div>\n<\/div><\/div><div class=\"mkdf-accordion-holder mkdf-ac-default  mkdf-accordion mkdf-ac-boxed  clearfix\">\n\t<h3 class=\"mkdf-accordion-title\">\n    <span class=\"mkdf-accordion-mark\">\n\t\t<span class=\"mkdf_icon_plus icon_plus\"><\/span>\n\t\t<span class=\"mkdf_icon_minus icon_minus-06\"><\/span>\n\t<\/span>\n\t<span class=\"mkdf-tab-title\">\u062a\u0642\u064a\u064a\u0645 \u0627\u0644\u0642\u0631\u0646\u064a\u0629 \u0627\u0644\u0645\u062e\u0631\u0648\u0637\u064a\u0629<\/span>\n<\/h3>\n<div class=\"mkdf-accordion-content\">\n\t<div class=\"mkdf-accordion-content-inner\">\n\t\t[vc_column_text]<\/p>\n<ul>\n<li>\u062a\u0636\u0627\u0631\u064a\u0633 \u0627\u0644\u0642\u0631\u0646\u064a\u0629<\/li>\n<li>\u062e\u0631\u064a\u0637\u0629 \u0627\u0644\u0642\u0631\u0646\u064a\u0629<\/li>\n<li>\u0627\u0644\u0641\u062d\u0635 \u0627\u0644\u0645\u062c\u0647\u0631\u064a \u0627\u0644\u0645\u0631\u0622\u0648\u064a<\/li>\n<\/ul>\n<p>[\/vc_column_text]\t<\/div>\n<\/div><\/div>[vc_empty_space][\/vc_column][\/vc_row][vc_row disable_element=&#8221;yes&#8221; row_content_width=&#8221;grid&#8221;][vc_column][vc_empty_space height=&#8221;40px&#8221;][vc_row_inner][vc_column_inner width=&#8221;1\/5&#8243;]<div class=\"mkdf-iwt clearfix  mkdf-iwt-icon-top mkdf-iwt-icon-medium \">\n\t<div class=\"mkdf-iwt-icon\">\n\t\t\t\t\t<a itemprop=\"url\" href=\"#\" target=\"_self\">\n\t\t\t\t\t\t\t\t\t<img loading=\"lazy\" decoding=\"async\" width=\"192\" height=\"192\" src=\"https:\/\/cliniqueophtalmo.tn\/wp-content\/uploads\/2018\/05\/h4-icon-with-text.png\" class=\"attachment-full size-full\" alt=\"v\" srcset=\"https:\/\/cliniqueophtalmo.tn\/wp-content\/uploads\/2018\/05\/h4-icon-with-text.png 192w, https:\/\/cliniqueophtalmo.tn\/wp-content\/uploads\/2018\/05\/h4-icon-with-text-150x150.png 150w, https:\/\/cliniqueophtalmo.tn\/wp-content\/uploads\/2018\/05\/h4-icon-with-text-100x100.png 100w\" sizes=\"auto, (max-width: 192px) 100vw, 192px\" \/>\t\t\t\t\t\t\t\t<\/a>\n\t\t\t<\/div>\n\t<div class=\"mkdf-iwt-content\" >\n\t\t\t\t\t<h5 class=\"mkdf-iwt-title\" style=\"margin-top: 11px\">\n\t\t\t\t\t\t\t\t\t<a itemprop=\"url\" href=\"#\" target=\"_self\">\n\t\t\t\t\t\t\t\t<span class=\"mkdf-iwt-title-text\">Crosslinking et k\u00e9ratoc\u00f4ne<\/span>\n\t\t\t\t\t\t\t\t\t<\/a>\n\t\t\t\t\t\t\t<\/h5>\n\t\t\t\t\t\t\t<p class=\"mkdf-iwt-text\" >Prise en charge du k\u00e9ratoc\u00f4ne par cross-linking du collag\u00e8ne corn\u00e9en.<\/p>\n\t\t\t<\/div>\n\n\t<\/div>[vc_empty_space height=&#8221;65px&#8221;][\/vc_column_inner][vc_column_inner width=&#8221;1\/5&#8243;]<div class=\"mkdf-iwt clearfix  mkdf-iwt-icon-top mkdf-iwt-icon-medium \">\n\t<div class=\"mkdf-iwt-icon\">\n\t\t\t\t\t<a itemprop=\"url\" href=\"#\" target=\"_self\">\n\t\t\t\t\t\t\t\t\t<img loading=\"lazy\" decoding=\"async\" width=\"192\" height=\"192\" src=\"https:\/\/cliniqueophtalmo.tn\/wp-content\/uploads\/2018\/05\/h4-icon-with-text-3.png\" class=\"attachment-full size-full\" alt=\"v\" srcset=\"https:\/\/cliniqueophtalmo.tn\/wp-content\/uploads\/2018\/05\/h4-icon-with-text-3.png 192w, https:\/\/cliniqueophtalmo.tn\/wp-content\/uploads\/2018\/05\/h4-icon-with-text-3-150x150.png 150w, https:\/\/cliniqueophtalmo.tn\/wp-content\/uploads\/2018\/05\/h4-icon-with-text-3-100x100.png 100w\" sizes=\"auto, (max-width: 192px) 100vw, 192px\" \/>\t\t\t\t\t\t\t\t<\/a>\n\t\t\t<\/div>\n\t<div class=\"mkdf-iwt-content\" >\n\t\t\t\t\t<h5 class=\"mkdf-iwt-title\" style=\"margin-top: 11px\">\n\t\t\t\t\t\t\t\t\t<a itemprop=\"url\" href=\"#\" target=\"_self\">\n\t\t\t\t\t\t\t\t<span class=\"mkdf-iwt-title-text\">L\u2019unit\u00e9 r\u00e9fractive<\/span>\n\t\t\t\t\t\t\t\t\t<\/a>\n\t\t\t\t\t\t\t<\/h5>\n\t\t\t\t\t\t\t<p class=\"mkdf-iwt-text\" >Centre de chirurgie r\u00e9fractive<\/p>\n\t\t\t<\/div>\n\n\t<\/div>[vc_empty_space height=&#8221;65px&#8221;][\/vc_column_inner][vc_column_inner width=&#8221;1\/5&#8243;]<div class=\"mkdf-iwt clearfix  mkdf-iwt-icon-top mkdf-iwt-icon-medium \">\n\t<div class=\"mkdf-iwt-icon\">\n\t\t\t\t\t<a itemprop=\"url\" href=\"#\" target=\"_self\">\n\t\t\t\t\t\t\t\t\t<img loading=\"lazy\" decoding=\"async\" width=\"192\" height=\"192\" src=\"https:\/\/cliniqueophtalmo.tn\/wp-content\/uploads\/2018\/05\/h4-icon-with-text-4.png\" class=\"attachment-full size-full\" alt=\"l\" srcset=\"https:\/\/cliniqueophtalmo.tn\/wp-content\/uploads\/2018\/05\/h4-icon-with-text-4.png 192w, https:\/\/cliniqueophtalmo.tn\/wp-content\/uploads\/2018\/05\/h4-icon-with-text-4-150x150.png 150w, https:\/\/cliniqueophtalmo.tn\/wp-content\/uploads\/2018\/05\/h4-icon-with-text-4-100x100.png 100w\" sizes=\"auto, (max-width: 192px) 100vw, 192px\" \/>\t\t\t\t\t\t\t\t<\/a>\n\t\t\t<\/div>\n\t<div class=\"mkdf-iwt-content\" >\n\t\t\t\t\t<h5 class=\"mkdf-iwt-title\" style=\"margin-top: 11px\">\n\t\t\t\t\t\t\t\t\t<a itemprop=\"url\" href=\"#\" target=\"_self\">\n\t\t\t\t\t\t\t\t<span class=\"mkdf-iwt-title-text\">Unit\u00e9 de glaucome<\/span>\n\t\t\t\t\t\t\t\t\t<\/a>\n\t\t\t\t\t\t\t<\/h5>\n\t\t\t\t\t\t\t<p class=\"mkdf-iwt-text\" >Diagnostic, suivi \u00e9volutif et chirurgie<\/p>\n\t\t\t<\/div>\n\n\t<\/div>[vc_empty_space height=&#8221;65px&#8221;][\/vc_column_inner][vc_column_inner width=&#8221;1\/5&#8243;]<div class=\"mkdf-iwt clearfix  mkdf-iwt-icon-top mkdf-iwt-icon-medium \">\n\t<div class=\"mkdf-iwt-icon\">\n\t\t\t\t\t<a itemprop=\"url\" href=\"#\" target=\"_self\">\n\t\t\t\t\t\t\t\t\t<img loading=\"lazy\" decoding=\"async\" width=\"192\" height=\"192\" src=\"https:\/\/cliniqueophtalmo.tn\/wp-content\/uploads\/2018\/05\/h4-icon-with-text.png\" class=\"attachment-full size-full\" alt=\"v\" srcset=\"https:\/\/cliniqueophtalmo.tn\/wp-content\/uploads\/2018\/05\/h4-icon-with-text.png 192w, https:\/\/cliniqueophtalmo.tn\/wp-content\/uploads\/2018\/05\/h4-icon-with-text-150x150.png 150w, https:\/\/cliniqueophtalmo.tn\/wp-content\/uploads\/2018\/05\/h4-icon-with-text-100x100.png 100w\" sizes=\"auto, (max-width: 192px) 100vw, 192px\" \/>\t\t\t\t\t\t\t\t<\/a>\n\t\t\t<\/div>\n\t<div class=\"mkdf-iwt-content\" >\n\t\t\t\t\t<h5 class=\"mkdf-iwt-title\" style=\"margin-top: 11px\">\n\t\t\t\t\t\t\t\t\t<a itemprop=\"url\" href=\"#\" target=\"_self\">\n\t\t\t\t\t\t\t\t<span class=\"mkdf-iwt-title-text\">Unit\u00e9 r\u00e9tine m\u00e9dicale<\/span>\n\t\t\t\t\t\t\t\t\t<\/a>\n\t\t\t\t\t\t\t<\/h5>\n\t\t\t\t\t\t\t<p class=\"mkdf-iwt-text\" >D\u00e9pistage et bilan r\u00e9tinopathie diab\u00e9tique<\/p>\n\t\t\t<\/div>\n\n\t<\/div>[vc_empty_space height=&#8221;65px&#8221;][\/vc_column_inner][vc_column_inner width=&#8221;1\/5&#8243;]<div class=\"mkdf-iwt clearfix  mkdf-iwt-icon-top mkdf-iwt-icon-medium \">\n\t<div class=\"mkdf-iwt-icon\">\n\t\t\t\t\t<a itemprop=\"url\" href=\"#\" target=\"_self\">\n\t\t\t\t\t\t\t\t\t<img loading=\"lazy\" decoding=\"async\" width=\"192\" height=\"192\" src=\"https:\/\/cliniqueophtalmo.tn\/wp-content\/uploads\/2018\/06\/our-services-image-4.png\" class=\"attachment-full size-full\" alt=\"a\" srcset=\"https:\/\/cliniqueophtalmo.tn\/wp-content\/uploads\/2018\/06\/our-services-image-4.png 192w, https:\/\/cliniqueophtalmo.tn\/wp-content\/uploads\/2018\/06\/our-services-image-4-150x150.png 150w, https:\/\/cliniqueophtalmo.tn\/wp-content\/uploads\/2018\/06\/our-services-image-4-100x100.png 100w\" sizes=\"auto, (max-width: 192px) 100vw, 192px\" \/>\t\t\t\t\t\t\t\t<\/a>\n\t\t\t<\/div>\n\t<div class=\"mkdf-iwt-content\" >\n\t\t\t\t\t<h5 class=\"mkdf-iwt-title\" style=\"margin-top: 11px\">\n\t\t\t\t\t\t\t\t\t<a itemprop=\"url\" href=\"#\" target=\"_self\">\n\t\t\t\t\t\t\t\t<span class=\"mkdf-iwt-title-text\">Lens Fitting<\/span>\n\t\t\t\t\t\t\t\t\t<\/a>\n\t\t\t\t\t\t\t<\/h5>\n\t\t\t\t\t\t\t<p class=\"mkdf-iwt-text\" >Ut wisi enim ad minim veniam, quis laore est usus legentis in iis qui facit eorum nostrud<\/p>\n\t\t\t<\/div>\n\n\t<\/div>[vc_empty_space height=&#8221;65px&#8221;][\/vc_column_inner][\/vc_row_inner][\/vc_column][\/vc_row][vc_row row_content_width=&#8221;grid&#8221;][vc_column]<div class=\"mkdf-section-title-holder  mkdf-st-standard mkdf-st-title-left mkdf-st-normal-space \" style=\"text-align: center\">\n\t<div class=\"mkdf-st-inner\">\n\t\t\t\t\t<h2 class=\"mkdf-st-title\" style=\"color: #20275b\">\n\t\t\t\t\u0648\u062d\u062f\u0629 \u0627\u0644\u062c\u0631\u0627\u062d\u0629 \u0627\u0644\u0627\u0646\u0643\u0633\u0627\u0631\u064a\u0629\t\t\t<\/h2>\n\t\t                    <div class=\"mkdf-separator-holder clearfix  mkdf-separator-center \">\n\t<div class=\"mkdf-separator\" style=\"width: 40px\"><\/div>\n<\/div>\n        \t\t\t<\/div>\n<\/div>[vc_empty_space][vc_row_inner equal_height=&#8221;yes&#8221;][vc_column_inner width=&#8221;1\/2&#8243;][vc_empty_space]<div class=\"mkdf-image-with-text-holder   \">\n    <div class=\"mkdf-iwt-image\">\n                                    <img loading=\"lazy\" decoding=\"async\" width=\"1280\" height=\"720\" src=\"https:\/\/cliniqueophtalmo.tn\/wp-content\/uploads\/2020\/05\/WhatsApp-Image-2020-05-12-at-16.24.46.jpeg\" class=\"attachment-full size-full\" alt=\"\" srcset=\"https:\/\/cliniqueophtalmo.tn\/wp-content\/uploads\/2020\/05\/WhatsApp-Image-2020-05-12-at-16.24.46.jpeg 1280w, https:\/\/cliniqueophtalmo.tn\/wp-content\/uploads\/2020\/05\/WhatsApp-Image-2020-05-12-at-16.24.46-300x169.jpeg 300w, https:\/\/cliniqueophtalmo.tn\/wp-content\/uploads\/2020\/05\/WhatsApp-Image-2020-05-12-at-16.24.46-768x432.jpeg 768w, https:\/\/cliniqueophtalmo.tn\/wp-content\/uploads\/2020\/05\/WhatsApp-Image-2020-05-12-at-16.24.46-1024x576.jpeg 1024w, https:\/\/cliniqueophtalmo.tn\/wp-content\/uploads\/2020\/05\/WhatsApp-Image-2020-05-12-at-16.24.46-600x338.jpeg 600w\" sizes=\"auto, (max-width: 1280px) 100vw, 1280px\" \/>                        <\/div>\n    <div class=\"mkdf-iwt-text-holder\">\n                    <h5 class=\"mkdf-iwt-title\" >\u0641\u064a\u0645\u062a\u0648 \u0644\u064a\u0632\u0643<\/h5>\n                            <div class=\"mkdf-separator-holder clearfix  mkdf-separator-left \">\n\t<div class=\"mkdf-separator\" style=\"width: 30px;border-bottom-width: 5px;margin-top: 6px;margin-bottom: 0px\"><\/div>\n<\/div>\n        \t\t    <\/div>\n<\/div>[\/vc_column_inner][vc_column_inner width=&#8221;1\/2&#8243;][vc_empty_space]<div class=\"mkdf-image-with-text-holder   \">\n    <div class=\"mkdf-iwt-image\">\n                                    <img loading=\"lazy\" decoding=\"async\" width=\"1280\" height=\"720\" src=\"https:\/\/cliniqueophtalmo.tn\/wp-content\/uploads\/2020\/05\/WhatsApp-Image-2020-05-12-at-16.24.47.jpeg\" class=\"attachment-full size-full\" alt=\"\" srcset=\"https:\/\/cliniqueophtalmo.tn\/wp-content\/uploads\/2020\/05\/WhatsApp-Image-2020-05-12-at-16.24.47.jpeg 1280w, https:\/\/cliniqueophtalmo.tn\/wp-content\/uploads\/2020\/05\/WhatsApp-Image-2020-05-12-at-16.24.47-300x169.jpeg 300w, https:\/\/cliniqueophtalmo.tn\/wp-content\/uploads\/2020\/05\/WhatsApp-Image-2020-05-12-at-16.24.47-768x432.jpeg 768w, https:\/\/cliniqueophtalmo.tn\/wp-content\/uploads\/2020\/05\/WhatsApp-Image-2020-05-12-at-16.24.47-1024x576.jpeg 1024w, https:\/\/cliniqueophtalmo.tn\/wp-content\/uploads\/2020\/05\/WhatsApp-Image-2020-05-12-at-16.24.47-600x338.jpeg 600w\" sizes=\"auto, (max-width: 1280px) 100vw, 1280px\" \/>                        <\/div>\n    <div class=\"mkdf-iwt-text-holder\">\n                    <h5 class=\"mkdf-iwt-title\" >\u0644\u064a\u0632\u0631 \u0627\u0644\u0647\u064a\u062c\u0627\u0646<\/h5>\n                            <div class=\"mkdf-separator-holder clearfix  mkdf-separator-left \">\n\t<div class=\"mkdf-separator\" style=\"width: 30px;border-bottom-width: 5px;margin-top: 6px;margin-bottom: 0px\"><\/div>\n<\/div>\n        \t\t    <\/div>\n<\/div>[\/vc_column_inner][\/vc_row_inner][vc_empty_space][vc_empty_space][\/vc_column][\/vc_row][vc_row][vc_column][vc_empty_space]<div class=\"mkdf-section-title-holder  mkdf-st-standard mkdf-st-title-left mkdf-st-normal-space \" style=\"text-align: center\">\n\t<div class=\"mkdf-st-inner\">\n\t\t\t\t\t<h2 class=\"mkdf-st-title\" style=\"color: #20275b\">\n\t\t\t\t\u062c\u0631\u0627\u062d\u0629 \u0635\u063a\u064a\u0631\u0629\t\t\t<\/h2>\n\t\t                    <div class=\"mkdf-separator-holder clearfix  mkdf-separator-center \">\n\t<div class=\"mkdf-separator\" style=\"width: 40px\"><\/div>\n<\/div>\n        \t\t\t<\/div>\n<\/div>[\/vc_column][\/vc_row][vc_row row_content_width=&#8221;grid&#8221;][vc_column]<div class=\"mkdf-process-holder mkdf-process-horizontal mkdf-process-holder-items-four\">\n\t<div class=\"mkdf-process-bg-holder\" ><\/div>\n\t<div class=\"mkdf-process-inner\">\n\t\t<div class=\"mkdf-process-item-holder\">\n\t<div class=\"mkdf-pi-holder-inner clearfix\">\n\t\t\t\t\t<div class=\"mkdf-pi-image-holder\">\n\t\t\t\t<img loading=\"lazy\" decoding=\"async\" width=\"450\" height=\"450\" src=\"https:\/\/cliniqueophtalmo.tn\/wp-content\/uploads\/2020\/05\/WGE1VWBvpWdHeCYld6NADQ.jpeg\" class=\"attachment-full size-full\" alt=\"\" srcset=\"https:\/\/cliniqueophtalmo.tn\/wp-content\/uploads\/2020\/05\/WGE1VWBvpWdHeCYld6NADQ.jpeg 450w, https:\/\/cliniqueophtalmo.tn\/wp-content\/uploads\/2020\/05\/WGE1VWBvpWdHeCYld6NADQ-150x150.jpeg 150w, https:\/\/cliniqueophtalmo.tn\/wp-content\/uploads\/2020\/05\/WGE1VWBvpWdHeCYld6NADQ-300x300.jpeg 300w, https:\/\/cliniqueophtalmo.tn\/wp-content\/uploads\/2020\/05\/WGE1VWBvpWdHeCYld6NADQ-100x100.jpeg 100w\" sizes=\"auto, (max-width: 450px) 100vw, 450px\" \/>\t\t\t<\/div>\n\t\t\t\t<div class=\"mkdf-pi-content-holder\">\n\t\t\t\t\t\t\t<div class=\"mkdf-pi-title-holder\">\n\t\t\t\t\t<h5 class=\"mkdf-pi-title\">\u0627\u0644\u062d\u0642\u0646 \u062f\u0627\u062e\u0644 \u0627\u0644\u062c\u0633\u0645 \u0627\u0644\u0632\u062c\u0627\u062c\u064a<\/h5>\n\t\t\t\t<\/div>\n\t\t\t\n\t\t\t\t\t<\/div>\n\t<\/div>\n<\/div><div class=\"mkdf-process-item-holder\">\n\t<div class=\"mkdf-pi-holder-inner clearfix\">\n\t\t\t\t\t<div class=\"mkdf-pi-image-holder\">\n\t\t\t\t<img loading=\"lazy\" decoding=\"async\" width=\"256\" height=\"197\" src=\"https:\/\/cliniqueophtalmo.tn\/wp-content\/uploads\/2020\/05\/images-4.jpeg\" class=\"attachment-full size-full\" alt=\"\" \/>\t\t\t<\/div>\n\t\t\t\t<div class=\"mkdf-pi-content-holder\">\n\t\t\t\t\t\t\t<div class=\"mkdf-pi-title-holder\">\n\t\t\t\t\t<h5 class=\"mkdf-pi-title\">\u0631\u0628\u0637 \u0627\u0644\u0642\u0631\u0646\u064a\u0629 \u0627\u0644\u0645\u062a\u0642\u0627\u0637\u0639 (CXL)<\/h5>\n\t\t\t\t<\/div>\n\t\t\t\n\t\t\t\t\t<\/div>\n\t<\/div>\n<\/div><div class=\"mkdf-process-item-holder\">\n\t<div class=\"mkdf-pi-holder-inner clearfix\">\n\t\t\t\t\t<div class=\"mkdf-pi-image-holder\">\n\t\t\t\t<img loading=\"lazy\" decoding=\"async\" width=\"283\" height=\"283\" src=\"https:\/\/cliniqueophtalmo.tn\/wp-content\/uploads\/2018\/05\/h1-img-3.png\" class=\"attachment-full size-full\" alt=\"s\" srcset=\"https:\/\/cliniqueophtalmo.tn\/wp-content\/uploads\/2018\/05\/h1-img-3.png 283w, https:\/\/cliniqueophtalmo.tn\/wp-content\/uploads\/2018\/05\/h1-img-3-150x150.png 150w, https:\/\/cliniqueophtalmo.tn\/wp-content\/uploads\/2018\/05\/h1-img-3-100x100.png 100w\" sizes=\"auto, (max-width: 283px) 100vw, 283px\" \/>\t\t\t<\/div>\n\t\t\t\t<div class=\"mkdf-pi-content-holder\">\n\t\t\t\t\t\t\t<div class=\"mkdf-pi-title-holder\">\n\t\t\t\t\t<h5 class=\"mkdf-pi-title\">\u062c\u0631\u0627\u062d\u0629 \u0627\u0644\u0645\u0644\u062d\u0642<\/h5>\n\t\t\t\t<\/div>\n\t\t\t\n\t\t\t\t\t<\/div>\n\t<\/div>\n<\/div><div class=\"mkdf-process-item-holder\">\n\t<div class=\"mkdf-pi-holder-inner clearfix\">\n\t\t\t\t\t<div class=\"mkdf-pi-image-holder\">\n\t\t\t\t<img loading=\"lazy\" decoding=\"async\" width=\"193\" height=\"193\" src=\"https:\/\/cliniqueophtalmo.tn\/wp-content\/uploads\/2018\/05\/h1-img-1.png\" class=\"attachment-full size-full\" alt=\"s\" srcset=\"https:\/\/cliniqueophtalmo.tn\/wp-content\/uploads\/2018\/05\/h1-img-1.png 193w, https:\/\/cliniqueophtalmo.tn\/wp-content\/uploads\/2018\/05\/h1-img-1-150x150.png 150w, https:\/\/cliniqueophtalmo.tn\/wp-content\/uploads\/2018\/05\/h1-img-1-100x100.png 100w\" sizes=\"auto, (max-width: 193px) 100vw, 193px\" \/>\t\t\t<\/div>\n\t\t\t\t<div class=\"mkdf-pi-content-holder\">\n\t\t\t\t\t\t\t<div class=\"mkdf-pi-title-holder\">\n\t\t\t\t\t<h5 class=\"mkdf-pi-title\">\u063a\u0631\u0641\u0629 \u0627\u0644\u0634\u0643<\/h5>\n\t\t\t\t<\/div>\n\t\t\t\n\t\t\t\t\t<\/div>\n\t<\/div>\n<\/div>\t<\/div>\n<\/div>[vc_empty_space][\/vc_column][\/vc_row]<\/p>\n","protected":false},"excerpt":{"rendered":"<p>[vc_row row_content_width=&#8221;grid&#8221;][vc_column][vc_empty_space height=&#8221;40px&#8221;][vc_empty_space height=&#8221;40px&#8221;][vc_empty_space][\/vc_column][\/vc_row][vc_row disable_element=&#8221;yes&#8221; row_content_width=&#8221;grid&#8221;][vc_column][vc_empty_space height=&#8221;40px&#8221;][vc_row_inner][vc_column_inner width=&#8221;1\/5&#8243;][vc_empty_space height=&#8221;65px&#8221;][\/vc_column_inner][vc_column_inner width=&#8221;1\/5&#8243;][vc_empty_space height=&#8221;65px&#8221;][\/vc_column_inner][vc_column_inner width=&#8221;1\/5&#8243;][vc_empty_space height=&#8221;65px&#8221;][\/vc_column_inner][vc_column_inner width=&#8221;1\/5&#8243;][vc_empty_space height=&#8221;65px&#8221;][\/vc_column_inner][vc_column_inner width=&#8221;1\/5&#8243;][vc_empty_space height=&#8221;65px&#8221;][\/vc_column_inner][\/vc_row_inner][\/vc_column][\/vc_row][vc_row row_content_width=&#8221;grid&#8221;][vc_column][vc_empty_space][vc_row_inner equal_height=&#8221;yes&#8221;][vc_column_inner width=&#8221;1\/2&#8243;][vc_empty_space][\/vc_column_inner][vc_column_inner width=&#8221;1\/2&#8243;][vc_empty_space][\/vc_column_inner][\/vc_row_inner][vc_empty_space][vc_empty_space][\/vc_column][\/vc_row][vc_row][vc_column][vc_empty_space][\/vc_column][\/vc_row][vc_row row_content_width=&#8221;grid&#8221;][vc_column][vc_empty_space][\/vc_column][\/vc_row]<\/p>\n","protected":false},"author":1,"featured_media":0,"parent":0,"menu_order":0,"comment_status":"closed","ping_status":"closed","template":"full-width.php","meta":{"footnotes":""},"class_list":["post-6104","page","type-page","status-publish","hentry"],"_links":{"self":[{"href":"https:\/\/cliniqueophtalmo.tn\/ar\/wp-json\/wp\/v2\/pages\/6104","targetHints":{"allow":["GET"]}}],"collection":[{"href":"https:\/\/cliniqueophtalmo.tn\/ar\/wp-json\/wp\/v2\/pages"}],"about":[{"href":"https:\/\/cliniqueophtalmo.tn\/ar\/wp-json\/wp\/v2\/types\/page"}],"author":[{"embeddable":true,"href":"https:\/\/cliniqueophtalmo.tn\/ar\/wp-json\/wp\/v2\/users\/1"}],"replies":[{"embeddable":true,"href":"https:\/\/cliniqueophtalmo.tn\/ar\/wp-json\/wp\/v2\/comments?post=6104"}],"version-history":[{"count":40,"href":"https:\/\/cliniqueophtalmo.tn\/ar\/wp-json\/wp\/v2\/pages\/6104\/revisions"}],"predecessor-version":[{"id":6895,"href":"https:\/\/cliniqueophtalmo.tn\/ar\/wp-json\/wp\/v2\/pages\/6104\/revisions\/6895"}],"wp:attachment":[{"href":"https:\/\/cliniqueophtalmo.tn\/ar\/wp-json\/wp\/v2\/media?parent=6104"}],"curies":[{"name":"wp","href":"https:\/\/api.w.org\/{rel}","templated":true}]}}