{"id":5780,"date":"2019-05-23T15:14:28","date_gmt":"2019-05-23T13:14:28","guid":{"rendered":"https:\/\/cliniqueophtalmo.com\/?page_id=5780"},"modified":"2020-10-13T18:49:46","modified_gmt":"2020-10-13T16:49:46","slug":"chirurgie-plastique-paupiere-clinique-ophtalmologique-tunis","status":"publish","type":"page","link":"https:\/\/cliniqueophtalmo.tn\/ar\/poles-excellence\/chirurgie-plastique-paupiere-clinique-ophtalmologique-tunis\/","title":{"rendered":"Chirurgies Plastiques &amp; Paupi\u00e8re"},"content":{"rendered":"<p>[vc_row content_placement=&#8221;top&#8221; row_content_width=&#8221;grid&#8221; content_text_aligment=&#8221;left&#8221; css=&#8221;.vc_custom_1592236918024{padding-top: 40px !important;padding-bottom: 40px !important;}&#8221; el_class=&#8221;description-container&#8221;][vc_column offset=&#8221;vc_col-lg-offset-0 vc_col-lg-6 vc_col-md-offset-0 vc_col-md-12 vc_col-sm-offset-0&#8243;]<div class=\"mkdf-accordion-holder mkdf-ac-default  mkdf-accordion mkdf-ac-boxed  clearfix\">\n\t<span class=\"mkdf-accordion-title\">\n    <span class=\"mkdf-accordion-mark\">\n\t\t<span class=\"mkdf_icon_plus icon_plus\"><\/span>\n\t\t<span class=\"mkdf_icon_minus icon_minus-06\"><\/span>\n\t<\/span>\n\t<span class=\"mkdf-tab-title\">Definition<\/span>\n<\/span>\n<div class=\"mkdf-accordion-content\">\n\t<div class=\"mkdf-accordion-content-inner\">\n\t\t[vc_column_text]<span style=\"font-weight: 400;\">La chirurgie plastique des paupi\u00e8res et des voies lacrymales permet de corriger nombreuses pathologie palp\u00e9brales cong\u00e9nitales (<\/span><b>ptosis<\/b><span style=\"font-weight: 400;\"> par exemple) traumatiques ou s\u00e9niles (comme les <\/span><b>entropions<\/b><span style=\"font-weight: 400;\"> et les <\/span><b>trichiasis<\/b><span style=\"font-weight: 400;\">), ainsi que l\u2019obstruction des voies lacrymales (<\/span><b>dacryocystorhinostomie<\/b><span style=\"font-weight: 400;\">).<\/span><\/p>\n<p><span style=\"font-weight: 400;\">Mais c\u2019est la chirurgie esth\u00e9tique des paupi\u00e8res qui est de plus en plus demand\u00e9es, notamment la <\/span><b>bl\u00e9pharoplastie<\/b><span style=\"font-weight: 400;\"> qui permet de rajeunir le regard et lui redonner toute sa vivacit\u00e9, gr\u00e2ce \u00e0 la correction des paupi\u00e8res tombantes et autres poches caus\u00e9es par la perte de la tonicit\u00e9 de la paupi\u00e8re li\u00e9e \u00e0 l\u2019\u00e2ge.<\/span>[\/vc_column_text]\t<\/div>\n<\/div><\/div>[vc_empty_space height=&#8221;70px&#8221;][\/vc_column][vc_column width=&#8221;6\/6&#8243; offset=&#8221;vc_col-lg-offset-0 vc_col-lg-5 vc_col-md-offset-0 vc_col-md-8 vc_col-sm-offset-0&#8243;][vc_single_image image=&#8221;6696&#8243; img_size=&#8221;1200&#215;432&#8243; alignment=&#8221;center&#8221;][vc_column_text]<strong>D\u00e9finition<\/strong>[\/vc_column_text][vc_column_text]La chirurgie du regard enl\u00e8ve les poches sous les yeux, lisse les cernes et rehausse les paupi\u00e8res pour un r\u00e9sultat durable et rajeunissan.[\/vc_column_text][vc_empty_space height=&#8221;4px&#8221;][vc_column_text css=&#8221;.vc_custom_1591976135149{margin-bottom: 20px !important;}&#8221;]<\/p>\n<h6 style=\"text-align: center;\"><span style=\"color: #4b4b6b;\"><strong>Pour plus d&#8217;informations<\/strong><\/span><\/h6>\n<p>[\/vc_column_text]<div class=\"mkdf-call-to-action-holder contact-button mkdf-normal-layout  mkdf-two-halves-columns\">\n\t<div class=\"mkdf-cta-inner \">\n\t\t<div class=\"mkdf-cta-text-holder\">\n\t\t\t<div class=\"mkdf-cta-text\">I am test text for Call to Action shortcode content<\/div>\n\t\t<\/div>\n\t\t<div class=\"mkdf-cta-button-holder\" >\n\t\t\t<div class=\"mkdf-cta-button\"><a itemprop=\"url\" href=\"\/contact-us\" target=\"_self\"  class=\"mkdf-btn mkdf-btn-medium mkdf-btn-solid\"  >    <span class=\"mkdf-btn-text\">Contactez nous<\/span>    <\/a><\/div>\n\t\t<\/div>\n\t<\/div>\n<\/div>[\/vc_column][\/vc_row][vc_row disable_element=&#8221;yes&#8221; row_content_width=&#8221;grid&#8221; css=&#8221;.vc_custom_1591948490183{padding-top: 50px !important;padding-bottom: 50px !important;}&#8221;][vc_column width=&#8221;1\/2&#8243;][vc_column_text][ameliabooking service=10 employee=5 location=1][\/vc_column_text][\/vc_column][vc_column width=&#8221;1\/2&#8243;][vc_empty_space][vc_empty_space][vc_empty_space]<div class=\"mkdf-section-title-holder  mkdf-st-standard mkdf-st-title-left mkdf-st-normal-space \" >\n\t<div class=\"mkdf-st-inner\">\n\t\t\t\t\t<h2 class=\"mkdf-st-title\" style=\"color: #20275b\">\n\t\t\t\tPrenez un RDV\t\t\t<\/h2>\n\t\t        \t\t\t\t\t<p class=\"mkdf-st-text\" >\n\t\t\t\tChoisissez un cr\u00e9neau horaire, laissez nous vos coordonn\u00e9es et un conseiller vous contactera pour confirmer votre prise de rendez-vous.\t\t\t<\/p>\n\t\t\t<\/div>\n<\/div>[\/vc_column][\/vc_row]<\/p>\n","protected":false},"excerpt":{"rendered":"<p>[vc_row content_placement=&#8221;top&#8221; row_content_width=&#8221;grid&#8221; content_text_aligment=&#8221;left&#8221; css=&#8221;.vc_custom_1592236918024{padding-top: 40px !important;padding-bottom: 40px !important;}&#8221; el_class=&#8221;description-container&#8221;][vc_column offset=&#8221;vc_col-lg-offset-0 vc_col-lg-6 vc_col-md-offset-0 vc_col-md-12 vc_col-sm-offset-0&#8243;][vc_empty_space height=&#8221;70px&#8221;][\/vc_column][vc_column width=&#8221;6\/6&#8243; offset=&#8221;vc_col-lg-offset-0 vc_col-lg-5 vc_col-md-offset-0 vc_col-md-8 vc_col-sm-offset-0&#8243;][vc_single_image image=&#8221;6696&#8243; img_size=&#8221;1200&#215;432&#8243; alignment=&#8221;center&#8221;][vc_column_text]D\u00e9finition[\/vc_column_text][vc_column_text]La chirurgie du regard enl\u00e8ve les poches sous les yeux, lisse les cernes et rehausse les [&hellip;]<\/p>\n","protected":false},"author":1,"featured_media":0,"parent":5768,"menu_order":0,"comment_status":"closed","ping_status":"closed","template":"","meta":{"footnotes":""},"class_list":["post-5780","page","type-page","status-publish","hentry"],"_links":{"self":[{"href":"https:\/\/cliniqueophtalmo.tn\/ar\/wp-json\/wp\/v2\/pages\/5780","targetHints":{"allow":["GET"]}}],"collection":[{"href":"https:\/\/cliniqueophtalmo.tn\/ar\/wp-json\/wp\/v2\/pages"}],"about":[{"href":"https:\/\/cliniqueophtalmo.tn\/ar\/wp-json\/wp\/v2\/types\/page"}],"author":[{"embeddable":true,"href":"https:\/\/cliniqueophtalmo.tn\/ar\/wp-json\/wp\/v2\/users\/1"}],"replies":[{"embeddable":true,"href":"https:\/\/cliniqueophtalmo.tn\/ar\/wp-json\/wp\/v2\/comments?post=5780"}],"version-history":[{"count":16,"href":"https:\/\/cliniqueophtalmo.tn\/ar\/wp-json\/wp\/v2\/pages\/5780\/revisions"}],"predecessor-version":[{"id":6831,"href":"https:\/\/cliniqueophtalmo.tn\/ar\/wp-json\/wp\/v2\/pages\/5780\/revisions\/6831"}],"up":[{"embeddable":true,"href":"https:\/\/cliniqueophtalmo.tn\/ar\/wp-json\/wp\/v2\/pages\/5768"}],"wp:attachment":[{"href":"https:\/\/cliniqueophtalmo.tn\/ar\/wp-json\/wp\/v2\/media?parent=5780"}],"curies":[{"name":"wp","href":"https:\/\/api.w.org\/{rel}","templated":true}]}}