{"id":5776,"date":"2019-05-23T15:12:54","date_gmt":"2019-05-23T13:12:54","guid":{"rendered":"https:\/\/cliniqueophtalmo.com\/?page_id=5776"},"modified":"2020-10-13T18:36:31","modified_gmt":"2020-10-13T16:36:31","slug":"chirurgie-refractive-clinique-ophtalmologique-tunis","status":"publish","type":"page","link":"https:\/\/cliniqueophtalmo.tn\/ar\/poles-excellence\/chirurgie-refractive-clinique-ophtalmologique-tunis\/","title":{"rendered":"Chirurgie Refractive"},"content":{"rendered":"<p>[vc_row content_placement=&#8221;top&#8221; row_content_width=&#8221;grid&#8221; content_text_aligment=&#8221;left&#8221; css=&#8221;.vc_custom_1592236467245{padding-top: 40px !important;padding-bottom: 40px !important;}&#8221; el_class=&#8221;description-container&#8221;][vc_column offset=&#8221;vc_col-lg-offset-0 vc_col-lg-6 vc_col-md-offset-0 vc_col-md-12 vc_col-sm-offset-0&#8243;]<div class=\"mkdf-accordion-holder mkdf-ac-default  mkdf-accordion mkdf-ac-boxed  clearfix\">\n\t<span class=\"mkdf-accordion-title\">\n    <span class=\"mkdf-accordion-mark\">\n\t\t<span class=\"mkdf_icon_plus icon_plus\"><\/span>\n\t\t<span class=\"mkdf_icon_minus icon_minus-06\"><\/span>\n\t<\/span>\n\t<span class=\"mkdf-tab-title\">Comment fonctionne l&#039;oeil : Comprendre la vision<\/span>\n<\/span>\n<div class=\"mkdf-accordion-content\">\n\t<div class=\"mkdf-accordion-content-inner\">\n\t\t[vc_column_text]<span style=\"font-weight: 400;\">Chaque \u0153il est unique, avec des propri\u00e9t\u00e9s optiques et architecturales qui lui sont propres. La qualit\u00e9 de la vision est largement d\u00e9termin\u00e9e par la taille et la forme de nos yeux.<\/span><\/p>\n<p><span style=\"font-weight: 400;\">Avec une vision normale, les dimensions des diff\u00e9rentes structures de l\u2019\u0153il sont en harmonie, notamment la courbure de la corn\u00e9e avec la longueur axiale de l\u2019\u0153il. L\u2019image per\u00e7ue par l\u2019\u0153il se projette alors exactement sur la r\u00e9tine (focus) et est clairement per\u00e7ue par le cerveau.<\/span><\/p>\n<table>\n<tbody>\n<tr>\n<td width=\"201\"><strong>Myopie<\/strong><\/td>\n<td width=\"201\"><strong>Hyperm\u00e9tropie<\/strong><\/td>\n<td width=\"201\"><strong>Astigmatisme<\/strong><\/td>\n<\/tr>\n<tr>\n<td width=\"201\">L\u2019\u0153il est trop long, l\u2019image se forme en avant de la r\u00e9tine<\/td>\n<td width=\"201\">L\u2019\u0153il est trop court, l\u2019image se forme derri\u00e8re la r\u00e9tine<\/td>\n<td width=\"201\">La corn\u00e9e est irr\u00e9guli\u00e8re (ballon de rugby)<\/td>\n<\/tr>\n<tr>\n<td width=\"201\">Mauvaise vision de loin<\/td>\n<td width=\"201\">Mauvaise vision de pr\u00e8s (et de loin apr\u00e8s 40 ans)<\/td>\n<td width=\"201\">Image floue et d\u00e9form\u00e9e<\/td>\n<\/tr>\n<tr>\n<td width=\"201\"><img loading=\"lazy\" decoding=\"async\" class=\"alignnone wp-image-6691 size-full\" src=\"https:\/\/cliniqueophtalmo.tn\/wp-content\/uploads\/2020\/07\/chirurgie-myopie-clinique-ophtalmologique-tunis.jpeg\" alt=\"Chirurgie Myopie Clinique Ophtalmologique Tunis\" width=\"300\" height=\"198\" \/><\/td>\n<td width=\"201\"><img loading=\"lazy\" decoding=\"async\" class=\"alignnone wp-image-6692 size-full\" src=\"https:\/\/cliniqueophtalmo.tn\/wp-content\/uploads\/2020\/07\/chirurgie-astigmatisme-clinique-ophtalmologique-tunis.jpeg\" alt=\"Chirurgie Astigmatisme Clinique Ophtalmologique Tunis\" width=\"300\" height=\"198\" \/><\/td>\n<td width=\"201\"><img loading=\"lazy\" decoding=\"async\" class=\"alignnone wp-image-6693 size-full\" src=\"https:\/\/cliniqueophtalmo.tn\/wp-content\/uploads\/2020\/07\/chirurgie-hypermetropie-clinique-ophtalmologique-tunis.jpeg\" alt=\"Chirurgie Hyperm\u00e9tropie Clinique Ophtalmologique Tunis\" width=\"300\" height=\"198\" \/><\/td>\n<\/tr>\n<\/tbody>\n<\/table>\n<p>&nbsp;<\/p>\n<p><span style=\"font-weight: 400;\">En cas d\u2019incoh\u00e9rence de ces structures, l\u2019image n\u2019est pas correctement per\u00e7ue, ce qui aboutit \u00e0 une \u00ab\u00a0erreur r\u00e9fractive\u00a0\u00bb comme la myopie, l\u2019hyperm\u00e9trie ou l\u2019astigmatisme.<\/span>[\/vc_column_text]\t<\/div>\n<\/div><span class=\"mkdf-accordion-title\">\n    <span class=\"mkdf-accordion-mark\">\n\t\t<span class=\"mkdf_icon_plus icon_plus\"><\/span>\n\t\t<span class=\"mkdf_icon_minus icon_minus-06\"><\/span>\n\t<\/span>\n\t<span class=\"mkdf-tab-title\">Techniques op\u00e9ratoires<\/span>\n<\/span>\n<div class=\"mkdf-accordion-content\">\n\t<div class=\"mkdf-accordion-content-inner\">\n\t\t[vc_column_text]<\/p>\n<ul>\n<li style=\"font-weight: 400;\"><b>Le Femtolasik<\/b><span style=\"font-weight: 400;\">, qui combine Femtosecond (Visumax) et <\/span><b>laser Excimer<\/b><span style=\"font-weight: 400;\"> (ML80) est la technique de r\u00e9f\u00e9rence pour les myopies de moins 10 dioptries, sauf pour les corn\u00e9es trop minces ou on pr\u00e9f\u00e8re la PRK.<\/span><\/li>\n<\/ul>\n<p>&nbsp;<\/p>\n<ul>\n<li style=\"font-weight: 400;\"><span style=\"font-weight: 400;\">Pour les tr\u00e8s fortes Myopies et forts Astigmatismes, ou en cas de contre indication du laser excimer, une implantation intra-oculaire par implants refractifs Type ICL* ou Artisan* est l&#8217;alternative envisageable<br \/>\n<\/span><\/li>\n<\/ul>\n<p>&nbsp;<\/p>\n<ul>\n<li style=\"font-weight: 400;\"><b>Le SMILE<\/b><span style=\"font-weight: 400;\">\u00a0: l\u2019ultime technique (Automne 2020)<\/span><\/li>\n<\/ul>\n<p>&nbsp;<\/p>\n<table>\n<tbody>\n<tr>\n<td width=\"201\"><strong>PRK<\/strong><\/td>\n<td width=\"201\"><strong>FEMTOLASIK<\/strong><\/td>\n<td width=\"201\"><strong>SMILE<\/strong><\/td>\n<\/tr>\n<tr>\n<td width=\"201\">Ablation de la surface par laser excimer<\/td>\n<td width=\"201\">Correction par excimer sous capot corn\u00e9en (Flap) cr\u00e9\u00e9 par un femtolaser<\/td>\n<td width=\"201\">Ablation de lenticule par femtolasik exclusivement<\/td>\n<\/tr>\n<tr>\n<td width=\"201\">Sch\u00e9ma<\/td>\n<td width=\"201\">Sch\u00e9ma<\/td>\n<td width=\"201\">Sch\u00e9ma<\/p>\n<p>&nbsp;<\/p>\n<p>&nbsp;<\/td>\n<\/tr>\n<tr>\n<td width=\"201\">Pour les corn\u00e9es fines<\/p>\n<p>Plus \u00e9conomique<\/td>\n<td width=\"201\">Le standard depuis 10 ans<\/p>\n<p>R\u00e9cup\u00e9ration visuelle tr\u00e8s rapide<\/td>\n<td width=\"201\">Chirurgie avanc\u00e9e par LVC<\/p>\n<p>Plus confortable avec juste une micro-incision<\/td>\n<\/tr>\n<\/tbody>\n<\/table>\n<p>&nbsp;<\/p>\n<p><span lang=\"FR\">Options additionnelles :\u00a0<\/span><\/p>\n<p>&nbsp;<\/p>\n<table>\n<tbody>\n<tr>\n<td width=\"201\"><strong>Presbyond<\/strong><\/p>\n<p><strong>(Femto presbylasik)<\/strong><\/td>\n<td width=\"201\"><strong>Implants myopiques<\/strong><\/td>\n<td width=\"201\"><strong>Implants toriques<\/strong><\/td>\n<\/tr>\n<tr>\n<td width=\"201\">Pour corriger la presbytie et permettre une vision de pr\u00e8s ou interm\u00e9diaire sans lunettes<\/td>\n<td width=\"201\">Pour les tr\u00e8s fortes myopies<\/p>\n<p>Ou en cas de contre-indications de laser (k\u00e9ratoc\u00f4ne)<\/td>\n<td width=\"201\">Pour les fortes myopies avec astigmatismes<\/p>\n<p>Pour les astigmatismes tr\u00e8s importants<\/td>\n<\/tr>\n<\/tbody>\n<\/table>\n<p>[\/vc_column_text]\t<\/div>\n<\/div><span class=\"mkdf-accordion-title\">\n    <span class=\"mkdf-accordion-mark\">\n\t\t<span class=\"mkdf_icon_plus icon_plus\"><\/span>\n\t\t<span class=\"mkdf_icon_minus icon_minus-06\"><\/span>\n\t<\/span>\n\t<span class=\"mkdf-tab-title\">Type de s\u00e9jour et d&#039;anesthesie<\/span>\n<\/span>\n<div class=\"mkdf-accordion-content\">\n\t<div class=\"mkdf-accordion-content-inner\">\n\t\t[vc_column_text]<span style=\"font-weight: 400;\">Toutes les proc\u00e9dures du LVC se font sous anesth\u00e9sie topique, par un collyre anesth\u00e9sique (sans piqure).<\/span><\/p>\n<p><span style=\"font-weight: 400;\">Les proc\u00e9dures se font en ambulatoire strict (dans l\u2019unit\u00e9 de laser du 1<\/span><span style=\"font-weight: 400;\">er<\/span><span style=\"font-weight: 400;\"> \u00e9tage) sans hospitalisation.<\/span>[\/vc_column_text]\t<\/div>\n<\/div><span class=\"mkdf-accordion-title\">\n    <span class=\"mkdf-accordion-mark\">\n\t\t<span class=\"mkdf_icon_plus icon_plus\"><\/span>\n\t\t<span class=\"mkdf_icon_minus icon_minus-06\"><\/span>\n\t<\/span>\n\t<span class=\"mkdf-tab-title\">Suis-je un bon candidat (Pr\u00e9-requis)<\/span>\n<\/span>\n<div class=\"mkdf-accordion-content\">\n\t<div class=\"mkdf-accordion-content-inner\">\n\t\t[vc_column_text]<span style=\"font-weight: 400;\">Quelle condition faut-il remplir (pr\u00e9requis).<\/span><\/p>\n<p><span style=\"font-weight: 400;\">Cette chirurgie s\u2019adresse aux adultes de plus de 20 ans, avec une r\u00e9fraction (myopie) stable, et des <\/span><b>examens pr\u00e9op\u00e9ratoires<\/b><span style=\"font-weight: 400;\"> satisfaisants (topographie corn\u00e9enne normale et bonne \u00e9paisseur de corn\u00e9e pour le femtolasik).<\/span><\/p>\n<ul>\n<li style=\"font-weight: 400;\"><span style=\"font-weight: 400;\">Etapes et conseils avant l\u2019intervention.<\/span>\n<ul>\n<li style=\"font-weight: 400;\"><span style=\"font-weight: 400;\">Retirer vos lentilles deux jours \u00e0 l\u2019avance avec les examens pr\u00e9op\u00e9ratoires (7 jours en cas de lentilles dures).<\/span><\/li>\n<li style=\"font-weight: 400;\"><span style=\"font-weight: 400;\">Penser \u00e0 prendre votre lettre d\u2019ophtalmologiste ou votre ancienne ordonnance de lunettes.<\/span><\/li>\n<\/ul>\n<\/li>\n<li style=\"font-weight: 400;\"><span style=\"font-weight: 400;\">Comment se d\u00e9roule l\u2019intervention (femtolasik et PRK)<\/span>\n<ul>\n<li style=\"font-weight: 400;\"><span style=\"font-weight: 400;\">Se fait en ambulatoire, sous hospitalisation<\/span><\/li>\n<li style=\"font-weight: 400;\"><span style=\"font-weight: 400;\">Dans un bloc op\u00e9ratoire d\u00e9di\u00e9<\/span><\/li>\n<li style=\"font-weight: 400;\"><span style=\"font-weight: 400;\">Anesth\u00e9sie locale par instillation de collyre (topique), juste avant l\u2019intervention.<\/span><\/li>\n<li style=\"font-weight: 400;\"><span style=\"font-weight: 400;\">Les deux yeux dans la m\u00eame s\u00e9ance le plus souvent.<\/span><\/li>\n<li style=\"font-weight: 400;\"><span style=\"font-weight: 400;\">Pr\u00e9voir des lunettes de soleil.<\/span><\/li>\n<li style=\"font-weight: 400;\"><span style=\"font-weight: 400;\">Pr\u00e9voir quelqu\u2019un pour vous accompagner si possible.<\/span><\/li>\n<li style=\"font-weight: 400;\"><span style=\"font-weight: 400;\">V\u00e9rifiez que vous avez votre ordonnance et votre rendez-vous de contr\u00f4le.<\/span><\/li>\n<\/ul>\n<\/li>\n<\/ul>\n<ul>\n<li style=\"list-style-type: none;\">\n<ul>\n<li style=\"list-style-type: none;\"><\/li>\n<\/ul>\n<\/li>\n<\/ul>\n<p>[\/vc_column_text]\t<\/div>\n<\/div><span class=\"mkdf-accordion-title\">\n    <span class=\"mkdf-accordion-mark\">\n\t\t<span class=\"mkdf_icon_plus icon_plus\"><\/span>\n\t\t<span class=\"mkdf_icon_minus icon_minus-06\"><\/span>\n\t<\/span>\n\t<span class=\"mkdf-tab-title\">Prix de cette chirurgie<\/span>\n<\/span>\n<div class=\"mkdf-accordion-content\">\n\t<div class=\"mkdf-accordion-content-inner\">\n\t\t[vc_column_text]Prix de cette chirurgie\u00a0:<\/p>\n<p>Pour une qualit\u00e9 optimale de l\u2019acte en chirurgie r\u00e9fractive, les technologies de derni\u00e8res g\u00e9n\u00e9rations doivent \u00eatre utilis\u00e9es. Ces technologies sont tr\u00e8s couteuses sans compter la maintenance.<\/p>\n<p>Cependant, soucieuse du pouvoir d\u2019achat d\u2019une population maghr\u00e9bine souvent jeune, la Clinique Ophtalmologique gr\u00e2ce \u00e0 la collaboration de ses chirurgiens, propose des prix en rapport avec son march\u00e9 local en ne transgressant aucunement sur la qualit\u00e9.<\/p>\n<p>[\/vc_column_text]\t<\/div>\n<\/div><\/div>[vc_empty_space height=&#8221;70px&#8221;][\/vc_column][vc_column width=&#8221;6\/6&#8243; offset=&#8221;vc_col-lg-offset-0 vc_col-lg-5 vc_col-md-offset-0 vc_col-md-12 vc_col-sm-offset-0&#8243;][vc_single_image image=&#8221;6687&#8243; img_size=&#8221;1200&#215;432&#8243; alignment=&#8221;center&#8221;][vc_column_text]<strong>Traitement<\/strong>[\/vc_column_text][vc_column_text]Aujourd\u2019hui, la plus part des erreurs de la r\u00e9fraction (myopie, hyperm\u00e9tropie, astigmatisme) peuvent \u00eatre corrig\u00e9es par les trois proc\u00e9dures modernes de correction de la vision par Laser (LVC)\u00a0: PRK, Femtolasik et SMILE.<\/p>\n<p>Que l\u2019une de ces proc\u00e9dures soit la mieux adapt\u00e9e \u00e0 votre situation d\u00e9pend de plusieurs facteurs, votre m\u00e9decin, aid\u00e9 en cela par les r\u00e9sultats des examens pr\u00e9op\u00e9ratoires, vous assistera \u00e0 d\u00e9terminer la meilleure option pour votre vision et votre style de vie.[\/vc_column_text][vc_empty_space][vc_column_text css=&#8221;.vc_custom_1591975816179{margin-bottom: 20px !important;}&#8221;]<\/p>\n<h6 style=\"text-align: center;\"><span style=\"color: #4b4b6b;\"><strong>Pour plus d&#8217;informations<\/strong><\/span><\/h6>\n<p>[\/vc_column_text]<div class=\"mkdf-call-to-action-holder contact-button mkdf-normal-layout  mkdf-two-halves-columns\">\n\t<div class=\"mkdf-cta-inner \">\n\t\t<div class=\"mkdf-cta-text-holder\">\n\t\t\t<div class=\"mkdf-cta-text\"><\/div>\n\t\t<\/div>\n\t\t<div class=\"mkdf-cta-button-holder\" >\n\t\t\t<div class=\"mkdf-cta-button\"><a itemprop=\"url\" href=\"\/contact-us\" target=\"_self\"  class=\"mkdf-btn mkdf-btn-medium mkdf-btn-solid\"  >    <span class=\"mkdf-btn-text\">Contactez nous<\/span>    <\/a><\/div>\n\t\t<\/div>\n\t<\/div>\n<\/div>[\/vc_column][\/vc_row][vc_row disable_element=&#8221;yes&#8221; row_content_width=&#8221;grid&#8221; css=&#8221;.vc_custom_1591948440818{padding-top: 50px !important;padding-bottom: 50px !important;}&#8221;][vc_column width=&#8221;1\/2&#8243;][vc_column_text][ameliabooking service=4 employee=5 location=1][\/vc_column_text][\/vc_column][vc_column width=&#8221;1\/2&#8243;][vc_empty_space][vc_empty_space][vc_empty_space]<div class=\"mkdf-section-title-holder  mkdf-st-standard mkdf-st-title-left mkdf-st-normal-space \" >\n\t<div class=\"mkdf-st-inner\">\n\t\t\t\t\t<h2 class=\"mkdf-st-title\" style=\"color: #20275b\">\n\t\t\t\tPrenez un RDV\t\t\t<\/h2>\n\t\t        \t\t\t\t\t<p class=\"mkdf-st-text\" >\n\t\t\t\tChoisissez un cr\u00e9neau horaire, laissez nous vos coordonn\u00e9es et un conseiller vous contactera pour confirmer votre prise de rendez-vous.\t\t\t<\/p>\n\t\t\t<\/div>\n<\/div>[\/vc_column][\/vc_row]<\/p>\n","protected":false},"excerpt":{"rendered":"<p>[vc_row content_placement=&#8221;top&#8221; row_content_width=&#8221;grid&#8221; content_text_aligment=&#8221;left&#8221; css=&#8221;.vc_custom_1592236467245{padding-top: 40px !important;padding-bottom: 40px !important;}&#8221; el_class=&#8221;description-container&#8221;][vc_column offset=&#8221;vc_col-lg-offset-0 vc_col-lg-6 vc_col-md-offset-0 vc_col-md-12 vc_col-sm-offset-0&#8243;][vc_empty_space height=&#8221;70px&#8221;][\/vc_column][vc_column width=&#8221;6\/6&#8243; offset=&#8221;vc_col-lg-offset-0 vc_col-lg-5 vc_col-md-offset-0 vc_col-md-12 vc_col-sm-offset-0&#8243;][vc_single_image image=&#8221;6687&#8243; img_size=&#8221;1200&#215;432&#8243; alignment=&#8221;center&#8221;][vc_column_text]Traitement[\/vc_column_text][vc_column_text]Aujourd\u2019hui, la plus part des erreurs de la r\u00e9fraction (myopie, hyperm\u00e9tropie, astigmatisme) peuvent \u00eatre corrig\u00e9es par [&hellip;]<\/p>\n","protected":false},"author":1,"featured_media":0,"parent":5768,"menu_order":0,"comment_status":"closed","ping_status":"closed","template":"","meta":{"footnotes":""},"class_list":["post-5776","page","type-page","status-publish","hentry"],"_links":{"self":[{"href":"https:\/\/cliniqueophtalmo.tn\/ar\/wp-json\/wp\/v2\/pages\/5776","targetHints":{"allow":["GET"]}}],"collection":[{"href":"https:\/\/cliniqueophtalmo.tn\/ar\/wp-json\/wp\/v2\/pages"}],"about":[{"href":"https:\/\/cliniqueophtalmo.tn\/ar\/wp-json\/wp\/v2\/types\/page"}],"author":[{"embeddable":true,"href":"https:\/\/cliniqueophtalmo.tn\/ar\/wp-json\/wp\/v2\/users\/1"}],"replies":[{"embeddable":true,"href":"https:\/\/cliniqueophtalmo.tn\/ar\/wp-json\/wp\/v2\/comments?post=5776"}],"version-history":[{"count":31,"href":"https:\/\/cliniqueophtalmo.tn\/ar\/wp-json\/wp\/v2\/pages\/5776\/revisions"}],"predecessor-version":[{"id":6829,"href":"https:\/\/cliniqueophtalmo.tn\/ar\/wp-json\/wp\/v2\/pages\/5776\/revisions\/6829"}],"up":[{"embeddable":true,"href":"https:\/\/cliniqueophtalmo.tn\/ar\/wp-json\/wp\/v2\/pages\/5768"}],"wp:attachment":[{"href":"https:\/\/cliniqueophtalmo.tn\/ar\/wp-json\/wp\/v2\/media?parent=5776"}],"curies":[{"name":"wp","href":"https:\/\/api.w.org\/{rel}","templated":true}]}}