{"id":5768,"date":"2019-05-23T15:11:14","date_gmt":"2019-05-23T13:11:14","guid":{"rendered":"https:\/\/cliniqueophtalmo.com\/?page_id=5768"},"modified":"2025-10-31T15:39:58","modified_gmt":"2025-10-31T14:39:58","slug":"poles-excellence","status":"publish","type":"page","link":"https:\/\/cliniqueophtalmo.tn\/ar\/poles-excellence\/","title":{"rendered":"Nos p\u00f4les d&#8217;excellence"},"content":{"rendered":"<p>[vc_row full_width=&#8221;stretch_row_content_no_spaces&#8221;][vc_column offset=&#8221;vc_col-lg-offset-0 vc_col-lg-12&#8243;]<div class=\"mkdf-elements-holder   mkdf-two-columns  mkdf-responsive-mode-1024 \" ><div class=\"mkdf-eh-item    \" style=\"background-image: url(https:\/\/cliniqueophtalmo.tn\/wp-content\/uploads\/2020\/05\/WhatsApp-Image-2020-05-10-at-14.21.34-1.jpeg)\" data-item-class=\"mkdf-eh-custom-2614\">\n\t<div class=\"mkdf-eh-item-inner\">\n\t\t<div class=\"mkdf-eh-item-content mkdf-eh-custom-2614\" >\n\t\t\t[vc_empty_space height=&#8221;400px&#8221;]\t\t<\/div>\n\t<\/div>\n<\/div><div class=\"mkdf-eh-item    \"  data-item-class=\"mkdf-eh-custom-9100\" data-1367-1600=\"0px 104px 11px 18px\" data-1025-1366=\"0px 0px 9px 90px\" data-769-1024=\"56px 175px 10px 30px\" data-681-768=\"56px 32px 10px 25px\" data-680=\"56px 0 10px 0\">\n\t<div class=\"mkdf-eh-item-inner\">\n\t\t<div class=\"mkdf-eh-item-content mkdf-eh-custom-9100\" style=\"padding: 0px 41px 15px 107px\">\n\t\t\t[vc_empty_space height=&#8221;28px&#8221;]<div class=\"mkdf-section-title-holder  mkdf-st-standard mkdf-st-title-left mkdf-st-normal-space \" style=\"text-align: left\">\n\t<div class=\"mkdf-st-inner\">\n\t\t\t\t\t<h2 class=\"mkdf-st-title\" >\n\t\t\t\tChirurgie de<br \/> la cataracte\t\t\t<\/h2>\n\t\t                    <div class=\"mkdf-separator-holder clearfix  mkdf-separator-left \">\n\t<div class=\"mkdf-separator\" style=\"border-style: solid;width: 40px;border-bottom-width: 5px;margin-top: 24px;margin-bottom: 14px\"><\/div>\n<\/div>\n        \t\t\t\t\t<p class=\"mkdf-st-text\" >\n\t\t\t\tLa cataracte est l\u2019opacification graduelle de la lentille naturelle de l\u2019\u0153il (le cristallin), qui va r\u00e9duire de plus en plus le passage de la lumi\u00e8re (et des images) dans l\u2019\u0153il et aboutir \u00e0 une perte progressive de la vision\t\t\t<\/p>\n\t\t\t<\/div>\n<\/div>[vc_empty_space height=&#8221;28px&#8221;]<a itemprop=\"url\" href=\"https:\/\/cliniqueophtalmo.tn\/poles-excellence\/la-cataracte\/\" target=\"_self\"  class=\"mkdf-btn mkdf-btn-medium mkdf-btn-solid mkdf-btn-custom-hover-bg mkdf-btn-custom-border-hover\" data-hover-bg-color=\"#f8464f\" data-hover-border-color=\"#f8464f\" >\n    <span class=\"mkdf-btn-text\">D\u00e9couvrir<\/span>\n    <\/a>\t\t<\/div>\n\t<\/div>\n<\/div><\/div><div class=\"mkdf-elements-holder   mkdf-two-columns  mkdf-responsive-mode-1024 \" ><div class=\"mkdf-eh-item    \"  data-item-class=\"mkdf-eh-custom-4841\" data-1367-1600=\"0px 104px 11px 18px\" data-1025-1366=\"0px 0px 9px 90px\" data-769-1024=\"56px 175px 10px 30px\" data-681-768=\"56px 32px 10px 25px\" data-680=\"56px 0 10px 0\">\n\t<div class=\"mkdf-eh-item-inner\">\n\t\t<div class=\"mkdf-eh-item-content mkdf-eh-custom-4841\" style=\"padding: 0px 41px 15px 107px\">\n\t\t\t<div class=\"mkdf-section-title-holder  mkdf-st-standard mkdf-st-title-left mkdf-st-normal-space \" style=\"text-align: left\">\n\t<div class=\"mkdf-st-inner\">\n\t\t\t\t\t<h2 class=\"mkdf-st-title\" >\n\t\t\t\tChirurgie Refractive<br \/>\t\t\t<\/h2>\n\t\t                    <div class=\"mkdf-separator-holder clearfix  mkdf-separator-left \">\n\t<div class=\"mkdf-separator\" style=\"border-style: solid;width: 40px;border-bottom-width: 5px;margin-top: 24px;margin-bottom: 14px\"><\/div>\n<\/div>\n        \t\t\t\t\t<p class=\"mkdf-st-text\" >\n\t\t\t\tMyopie, Hyperm\u00e9tropie, Astigmatisme et Presbytie\t\t\t<\/p>\n\t\t\t<\/div>\n<\/div>[vc_empty_space]<a itemprop=\"url\" href=\"https:\/\/cliniqueophtalmo.tn\/poles-excellence\/chirurgie-refractive\/\" target=\"_self\"  class=\"mkdf-btn mkdf-btn-medium mkdf-btn-solid mkdf-btn-custom-hover-bg mkdf-btn-custom-border-hover\" data-hover-bg-color=\"#f8464f\" data-hover-border-color=\"#f8464f\" >\n    <span class=\"mkdf-btn-text\">D\u00e9couvrir<\/span>\n    <\/a>\t\t<\/div>\n\t<\/div>\n<\/div><div class=\"mkdf-eh-item    \" style=\"background-image: url(https:\/\/cliniqueophtalmo.tn\/wp-content\/uploads\/2020\/05\/WhatsApp-Image-2020-05-10-at-14.53.06.jpeg)\" data-item-class=\"mkdf-eh-custom-9123\" data-1367-1600=\"0 0 0 10px\" data-1025-1366=\"0 0px 0 0px\" data-769-1024=\"10px 0 0 0\" data-681-768=\"10px 0 0 0\" data-680=\"10px 0 0 0\">\n\t<div class=\"mkdf-eh-item-inner\">\n\t\t<div class=\"mkdf-eh-item-content mkdf-eh-custom-9123\" >\n\t\t\t[vc_empty_space height=&#8221;400px&#8221;]\t\t<\/div>\n\t<\/div>\n<\/div><\/div><div class=\"mkdf-elements-holder   mkdf-two-columns  mkdf-responsive-mode-1024 \" ><div class=\"mkdf-eh-item    \" style=\"background-image: url(https:\/\/cliniqueophtalmo.tn\/wp-content\/uploads\/2020\/05\/WhatsApp-Image-2020-05-10-at-14.42.19.jpeg)\" data-item-class=\"mkdf-eh-custom-1674\" data-1367-1600=\"0 0 0 10px\" data-1025-1366=\"0 0px 0 0px\" data-769-1024=\"10px 0 0 0\" data-681-768=\"10px 0 0 0\" data-680=\"10px 0 0 0\">\n\t<div class=\"mkdf-eh-item-inner\">\n\t\t<div class=\"mkdf-eh-item-content mkdf-eh-custom-1674\" >\n\t\t\t[vc_empty_space height=&#8221;400px&#8221;]\t\t<\/div>\n\t<\/div>\n<\/div><div class=\"mkdf-eh-item    \"  data-item-class=\"mkdf-eh-custom-5675\" data-1367-1600=\"0px 104px 11px 18px\" data-1025-1366=\"0px 0px 9px 90px\" data-769-1024=\"56px 175px 10px 30px\" data-681-768=\"56px 32px 10px 25px\" data-680=\"56px 0 10px 0\">\n\t<div class=\"mkdf-eh-item-inner\">\n\t\t<div class=\"mkdf-eh-item-content mkdf-eh-custom-5675\" style=\"padding: 0px 41px 15px 107px\">\n\t\t\t<div class=\"mkdf-section-title-holder  mkdf-st-standard mkdf-st-title-left mkdf-st-normal-space \" style=\"text-align: left\">\n\t<div class=\"mkdf-st-inner\">\n\t\t\t\t\t<h2 class=\"mkdf-st-title\" >\n\t\t\t\tLe d\u00e9collement<br \/> de la r\u00e9tine et Vitrectomie\t\t\t<\/h2>\n\t\t                    <div class=\"mkdf-separator-holder clearfix  mkdf-separator-left \">\n\t<div class=\"mkdf-separator\" style=\"border-style: solid;width: 40px;border-bottom-width: 5px;margin-top: 24px;margin-bottom: 14px\"><\/div>\n<\/div>\n        \t\t\t\t\t<p class=\"mkdf-st-text\" >\n\t\t\t\tLa r\u00e9tine est une membrane (nerveuse) qui tapisse le fond de l\u2019\u0153il qui capte le signal visuel (sorte de pellicule photo) et le transmet au cerveau. Nombreuses pathologies peuvent alt\u00e9rer la structure et le fonctionnement normal de la r\u00e9tine et n\u00e9cessitent une prise en charge chirurgicale de la r\u00e9tine et du corps g\u00e9latineux transparent qui lui adoss\u00e9\t\t\t<\/p>\n\t\t\t<\/div>\n<\/div>[vc_empty_space height=&#8221;28px&#8221;]<a itemprop=\"url\" href=\"https:\/\/cliniqueophtalmo.tn\/poles-excellence\/le-decollement-de-la-retine-et-vitrectomie\/\" target=\"_self\"  class=\"mkdf-btn mkdf-btn-medium mkdf-btn-solid mkdf-btn-custom-hover-bg mkdf-btn-custom-border-hover\" data-hover-bg-color=\"#f8464f\" data-hover-border-color=\"#f8464f\" >\n    <span class=\"mkdf-btn-text\">D\u00e9couvrir<\/span>\n    <\/a>\t\t<\/div>\n\t<\/div>\n<\/div><\/div><div class=\"mkdf-elements-holder   mkdf-two-columns  mkdf-responsive-mode-1024 \" ><div class=\"mkdf-eh-item    \"  data-item-class=\"mkdf-eh-custom-8265\" data-1367-1600=\"0px 104px 11px 18px\" data-1025-1366=\"0px 0px 9px 90px\" data-769-1024=\"56px 175px 10px 30px\" data-681-768=\"56px 32px 10px 25px\" data-680=\"56px 0 10px 0\">\n\t<div class=\"mkdf-eh-item-inner\">\n\t\t<div class=\"mkdf-eh-item-content mkdf-eh-custom-8265\" style=\"padding: 0px 41px 15px 107px\">\n\t\t\t<div class=\"mkdf-section-title-holder  mkdf-st-standard mkdf-st-title-left mkdf-st-normal-space \" style=\"text-align: left\">\n\t<div class=\"mkdf-st-inner\">\n\t\t\t\t\t<h2 class=\"mkdf-st-title\" >\n\t\t\t\tLa corn\u00e9e<br \/> et ses greffes\t\t\t<\/h2>\n\t\t                    <div class=\"mkdf-separator-holder clearfix  mkdf-separator-left \">\n\t<div class=\"mkdf-separator\" style=\"border-style: solid;width: 40px;border-bottom-width: 5px;margin-top: 24px;margin-bottom: 14px\"><\/div>\n<\/div>\n        \t\t\t\t\t<p class=\"mkdf-st-text\" >\n\t\t\t\tLa greffe de corn\u00e9e, aussi appel\u00e9e k\u00e9ratoplastie transfixiante, est une intervention chirurgicale au cours de laquelle une corn\u00e9e malade ou endommag\u00e9e est remplac\u00e9e.\t\t\t<\/p>\n\t\t\t<\/div>\n<\/div>[vc_empty_space height=&#8221;28px&#8221;]<a itemprop=\"url\" href=\"https:\/\/cliniqueophtalmo.tn\/poles-excellence\/chirurgie-cornee-et-ses-greffes-clinique-ophtalmologique-tunis\/\" target=\"_self\"  class=\"mkdf-btn mkdf-btn-medium mkdf-btn-solid mkdf-btn-custom-hover-bg mkdf-btn-custom-border-hover\" data-hover-bg-color=\"#f8464f\" data-hover-border-color=\"#f8464f\" >\n    <span class=\"mkdf-btn-text\">D\u00e9couvrir<\/span>\n    <\/a>\t\t<\/div>\n\t<\/div>\n<\/div><div class=\"mkdf-eh-item    \" style=\"background-image: url(https:\/\/cliniqueophtalmo.tn\/wp-content\/uploads\/2020\/07\/chirurgie-keratoplastie-greffe-de-cornee-clinique-ophtalmologique-tunis.jpeg)\" data-item-class=\"mkdf-eh-custom-3047\" data-1367-1600=\"0 0 0 10px\" data-1025-1366=\"0 0px 0 0px\" data-769-1024=\"10px 0 0 0\" data-681-768=\"10px 0 0 0\" data-680=\"10px 0 0 0\">\n\t<div class=\"mkdf-eh-item-inner\">\n\t\t<div class=\"mkdf-eh-item-content mkdf-eh-custom-3047\" >\n\t\t\t[vc_empty_space height=&#8221;400px&#8221;]\t\t<\/div>\n\t<\/div>\n<\/div><\/div>[\/vc_column][\/vc_row]<\/p>\n","protected":false},"excerpt":{"rendered":"<p>[vc_row full_width=&#8221;stretch_row_content_no_spaces&#8221;][vc_column offset=&#8221;vc_col-lg-offset-0 vc_col-lg-12&#8243;][\/vc_column][\/vc_row]<\/p>\n","protected":false},"author":1,"featured_media":0,"parent":0,"menu_order":0,"comment_status":"closed","ping_status":"closed","template":"","meta":{"footnotes":""},"class_list":["post-5768","page","type-page","status-publish","hentry"],"_links":{"self":[{"href":"https:\/\/cliniqueophtalmo.tn\/ar\/wp-json\/wp\/v2\/pages\/5768","targetHints":{"allow":["GET"]}}],"collection":[{"href":"https:\/\/cliniqueophtalmo.tn\/ar\/wp-json\/wp\/v2\/pages"}],"about":[{"href":"https:\/\/cliniqueophtalmo.tn\/ar\/wp-json\/wp\/v2\/types\/page"}],"author":[{"embeddable":true,"href":"https:\/\/cliniqueophtalmo.tn\/ar\/wp-json\/wp\/v2\/users\/1"}],"replies":[{"embeddable":true,"href":"https:\/\/cliniqueophtalmo.tn\/ar\/wp-json\/wp\/v2\/comments?post=5768"}],"version-history":[{"count":9,"href":"https:\/\/cliniqueophtalmo.tn\/ar\/wp-json\/wp\/v2\/pages\/5768\/revisions"}],"predecessor-version":[{"id":7080,"href":"https:\/\/cliniqueophtalmo.tn\/ar\/wp-json\/wp\/v2\/pages\/5768\/revisions\/7080"}],"wp:attachment":[{"href":"https:\/\/cliniqueophtalmo.tn\/ar\/wp-json\/wp\/v2\/media?parent=5768"}],"curies":[{"name":"wp","href":"https:\/\/api.w.org\/{rel}","templated":true}]}}