{"id":5756,"date":"2019-05-23T15:08:58","date_gmt":"2019-05-23T13:08:58","guid":{"rendered":"https:\/\/cliniqueophtalmo.com\/?page_id=5756"},"modified":"2025-10-31T11:11:43","modified_gmt":"2025-10-31T10:11:43","slug":"politique-qualite-et-accreditation","status":"publish","type":"page","link":"https:\/\/cliniqueophtalmo.tn\/ar\/la-clinique\/politique-qualite-et-accreditation\/","title":{"rendered":"\u0633\u064a\u0627\u0633\u0629 \u0627\u0644\u062c\u0648\u062f\u0629 \u0648\u0627\u0644\u0627\u0639\u062a\u0645\u0627\u062f"},"content":{"rendered":"<p>[vc_row][vc_column][vc_empty_space height=&#8221;29px&#8221;]<div class=\"mkdf-section-title-holder  mkdf-st-standard mkdf-st-title-left mkdf-st-normal-space \" style=\"text-align: center\">\n\t<div class=\"mkdf-st-inner\">\n\t\t\t\t\t<h2 class=\"mkdf-st-title\" style=\"color: #20275b\">\n\t\t\t\t\u0645\u0646 \u0634\u0647\u0627\u062f\u0629 \u0627\u0644\u0623\u064a\u0632\u0648 \u0625\u0644\u0649 \u0627\u0644\u0627\u0639\u062a\u0645\u0627\u062f\t\t\t<\/h2>\n\t\t        \t\t\t<\/div>\n<\/div>[vc_empty_space height=&#8221;29px&#8221;][\/vc_column][\/vc_row][vc_row content_placement=&#8221;middle&#8221; row_content_width=&#8221;grid&#8221;][vc_column][vc_column_text]<\/p>\n<p style=\"text-align: right;\">\u0634\u0647\u0627\u062f\u0629 ISO \u0647\u064a \u0625\u062c\u0631\u0627\u0621 \u064a\u062a\u0645 \u0645\u0646 \u062e\u0644\u0627\u0644\u0647 \u062a\u0645\u0643\u064a\u0646 \u0637\u0631\u0641 \u062b\u0627\u0644\u062b. \u0627\u0644\u0645\u0646\u0638\u0645\u0629 \u0627\u0644\u062f\u0648\u0644\u064a\u0629 \u0644\u0644\u062a\u0648\u062d\u064a\u062f \u0627\u0644\u0642\u064a\u0627\u0633\u064a (\u0623\u0648 ISO) \u0643\u062a\u0623\u0643\u064a\u062f \u0645\u0643\u062a\u0648\u0628 \u0639\u0644\u0649 \u0623\u0646 \u0627\u0644\u062e\u062f\u0645\u0629 \u0627\u0644\u062a\u064a \u062a\u0642\u062f\u0645\u0647\u0627 \u0627\u0644\u0639\u064a\u0627\u062f\u0629 \u062a\u062a\u0648\u0627\u0641\u0642 \u0645\u0639 \u0645\u062a\u0637\u0644\u0628\u0627\u062a \u0627\u0644\u062c\u0648\u062f\u0629 \u0627\u0644\u0645\u062d\u062f\u062f\u0629 \u0641\u064a \u0627\u0644\u0645\u0639\u064a\u0627\u0631.<\/p>\n<p style=\"text-align: right;\">\u0648\u0645\u0639 \u0630\u0644\u0643 \u060c \u062a\u0645 \u0648\u0636\u0639 \u0647\u0630\u0627 \u0627\u0644\u0645\u0639\u064a\u0627\u0631 \u0644\u0644\u0639\u064a\u0627\u062f\u0629 \u060c \u0648\u064a\u062c\u0628 \u0623\u0646 \u064a\u0641\u064a \u0628\u0645\u0639\u0627\u064a\u064a\u0631 \u0627\u0644\u062c\u0648\u062f\u0629 \u0627\u0644\u0645\u0642\u0628\u0648\u0644\u0629 \u0639\u0645\u0648\u0645\u064b\u0627 \u0648\u0642\u0648\u0627\u0639\u062f \u0627\u0644\u0645\u0645\u0627\u0631\u0633\u0629 \u0627\u0644\u062c\u064a\u062f\u0629 \u060c \u0648\u0644\u0643\u0646 \u0644\u0627 \u064a\u0645\u0643\u0646 \u0623\u0646 \u064a\u0643\u0648\u0646 \u0634\u0627\u0645\u0644\u0627\u064b \u060c \u0648\u0645\u0646 \u0647\u0646\u0627 \u062c\u0627\u0621 \u0645\u0641\u0647\u0648\u0645 &#8220;\u0646\u0637\u0627\u0642 \u0627\u0644\u0634\u0647\u0627\u062f\u0629&#8221;.<\/p>\n<p style=\"text-align: right;\">\u0628\u062f\u0623\u062a \u0639\u064a\u0627\u062f\u0629 \u0637\u0628 \u0648\u062c\u0631\u0627\u062d\u0629 \u0627\u0644\u0639\u064a\u0648\u0646 \u0641\u064a \u062a\u0648\u0646\u0633 \u0633\u064a\u0627\u0633\u0629 \u0627\u0644\u062c\u0648\u062f\u0629 \u0627\u0644\u062e\u0627\u0635\u0629 \u0628\u0647\u0627 \u0641\u064a \u0639\u0627\u0645 1998 \u0648\u0646\u0637\u0627\u0642 \u0648\u0627\u0633\u0639 \u0645\u0646 \u0627\u0644\u0634\u0647\u0627\u062f\u0627\u062a \u0628\u0645\u0627 \u0641\u064a \u0630\u0644\u0643 \u062c\u0645\u064a\u0639 \u0639\u0645\u0644\u064a\u0627\u062a \u0631\u062d\u0644\u0629 \u0627\u0644\u0645\u0631\u064a\u0636 \u0645\u0646 \u0627\u0644\u062f\u062e\u0648\u0644 \u0625\u0644\u0649 \u0627\u0644\u062e\u0631\u0648\u062c.<\/p>\n<p>[\/vc_column_text][vc_empty_space][vc_row_inner content_placement=&#8221;middle&#8221; row_content_width=&#8221;grid&#8221; content_text_aligment=&#8221;center&#8221; el_class=&#8221;align: center;&#8221;][vc_column_inner width=&#8221;1\/4&#8243;][\/vc_column_inner][vc_column_inner width=&#8221;1\/2&#8243;]<div class=\"mkdf-single-image-holder   \">\n    <div class=\"mkdf-si-inner\" >\n                                    <img loading=\"lazy\" decoding=\"async\" width=\"1024\" height=\"605\" src=\"https:\/\/cliniqueophtalmo.tn\/wp-content\/uploads\/2020\/05\/cartogrphie-des-processus-1024x605.jpg\" class=\"attachment-large size-large\" alt=\"\" srcset=\"https:\/\/cliniqueophtalmo.tn\/wp-content\/uploads\/2020\/05\/cartogrphie-des-processus-1024x605.jpg 1024w, https:\/\/cliniqueophtalmo.tn\/wp-content\/uploads\/2020\/05\/cartogrphie-des-processus-300x177.jpg 300w, https:\/\/cliniqueophtalmo.tn\/wp-content\/uploads\/2020\/05\/cartogrphie-des-processus-768x453.jpg 768w, https:\/\/cliniqueophtalmo.tn\/wp-content\/uploads\/2020\/05\/cartogrphie-des-processus-600x354.jpg 600w\" sizes=\"auto, (max-width: 1024px) 100vw, 1024px\" \/>                        <\/div>\n<\/div>[vc_empty_space][\/vc_column_inner][vc_column_inner width=&#8221;1\/4&#8243;][\/vc_column_inner][\/vc_row_inner][\/vc_column][\/vc_row][vc_row row_content_width=&#8221;grid&#8221;][vc_column][vc_column_text]<\/p>\n<p style=\"text-align: right;\">\u0647\u0630\u0627 \u0627\u0644\u0627\u0644\u062a\u0632\u0627\u0645 \u0628\u0633\u064a\u0627\u0633\u0629 \u0627\u0644\u062c\u0648\u062f\u0629 \u0644\u0644\u062d\u0635\u0648\u0644 \u0639\u0644\u0649 \u0623\u0641\u0636\u0644 \u062c\u0648\u062f\u0629 \u0631\u0639\u0627\u064a\u0629 \u0645\u0645\u0643\u0646\u0629 \u0648\u0633\u0644\u0627\u0645\u0629 \u0645\u0631\u0636\u0627\u0646\u0627 \u062d\u0635\u0644 \u0639\u0644\u0649 3 \u0634\u0647\u0627\u062f\u0627\u062a ISO.<\/p>\n<p style=\"text-align: right;\">\u062a\u0645 \u0627\u0644\u062d\u0635\u0648\u0644 \u0639\u0644\u064a\u0647\u0627 \u0641\u064a 2002 \u0648 2006 \u06482013<\/p>\n<p>[\/vc_column_text][vc_empty_space]<div class=\"mkdf-image-gallery mkdf-grid-list mkdf-disable-bottom-space  mkdf-ig-grid-type mkdf-three-columns mkdf-medium-space  \">\n\t<div class=\"mkdf-ig-inner mkdf-outer-space\">\n\t\t\t\t\t<div class=\"mkdf-ig-image mkdf-item-space\">\n\t\t\t\t<div class=\"mkdf-ig-image-inner\">\n\t\t\t\t\t\t\t\t\t\t\t<img loading=\"lazy\" decoding=\"async\" width=\"1408\" height=\"1995\" src=\"https:\/\/cliniqueophtalmo.tn\/wp-content\/uploads\/2020\/05\/iso-2013-cot-2.jpeg\" class=\"attachment-full size-full\" alt=\"\" srcset=\"https:\/\/cliniqueophtalmo.tn\/wp-content\/uploads\/2020\/05\/iso-2013-cot-2.jpeg 1408w, https:\/\/cliniqueophtalmo.tn\/wp-content\/uploads\/2020\/05\/iso-2013-cot-2-212x300.jpeg 212w, https:\/\/cliniqueophtalmo.tn\/wp-content\/uploads\/2020\/05\/iso-2013-cot-2-768x1088.jpeg 768w, https:\/\/cliniqueophtalmo.tn\/wp-content\/uploads\/2020\/05\/iso-2013-cot-2-723x1024.jpeg 723w, https:\/\/cliniqueophtalmo.tn\/wp-content\/uploads\/2020\/05\/iso-2013-cot-2-600x850.jpeg 600w\" sizes=\"auto, (max-width: 1408px) 100vw, 1408px\" \/>\t\t\t\t\t\t\t\t\t<\/div>\n\t\t\t<\/div>\n\t\t\t\t\t<div class=\"mkdf-ig-image mkdf-item-space\">\n\t\t\t\t<div class=\"mkdf-ig-image-inner\">\n\t\t\t\t\t\t\t\t\t\t\t<img loading=\"lazy\" decoding=\"async\" width=\"1421\" height=\"2014\" src=\"https:\/\/cliniqueophtalmo.tn\/wp-content\/uploads\/2020\/05\/iso-2002-cot-2.jpeg\" class=\"attachment-full size-full\" alt=\"\" srcset=\"https:\/\/cliniqueophtalmo.tn\/wp-content\/uploads\/2020\/05\/iso-2002-cot-2.jpeg 1421w, https:\/\/cliniqueophtalmo.tn\/wp-content\/uploads\/2020\/05\/iso-2002-cot-2-212x300.jpeg 212w, https:\/\/cliniqueophtalmo.tn\/wp-content\/uploads\/2020\/05\/iso-2002-cot-2-768x1088.jpeg 768w, https:\/\/cliniqueophtalmo.tn\/wp-content\/uploads\/2020\/05\/iso-2002-cot-2-722x1024.jpeg 722w, https:\/\/cliniqueophtalmo.tn\/wp-content\/uploads\/2020\/05\/iso-2002-cot-2-600x850.jpeg 600w\" sizes=\"auto, (max-width: 1421px) 100vw, 1421px\" \/>\t\t\t\t\t\t\t\t\t<\/div>\n\t\t\t<\/div>\n\t\t\t\t\t<div class=\"mkdf-ig-image mkdf-item-space\">\n\t\t\t\t<div class=\"mkdf-ig-image-inner\">\n\t\t\t\t\t\t\t\t\t\t\t<img loading=\"lazy\" decoding=\"async\" width=\"1407\" height=\"2017\" src=\"https:\/\/cliniqueophtalmo.tn\/wp-content\/uploads\/2020\/05\/iso-2006-cot-2.jpeg\" class=\"attachment-full size-full\" alt=\"\" srcset=\"https:\/\/cliniqueophtalmo.tn\/wp-content\/uploads\/2020\/05\/iso-2006-cot-2.jpeg 1407w, https:\/\/cliniqueophtalmo.tn\/wp-content\/uploads\/2020\/05\/iso-2006-cot-2-209x300.jpeg 209w, https:\/\/cliniqueophtalmo.tn\/wp-content\/uploads\/2020\/05\/iso-2006-cot-2-768x1101.jpeg 768w, https:\/\/cliniqueophtalmo.tn\/wp-content\/uploads\/2020\/05\/iso-2006-cot-2-714x1024.jpeg 714w, https:\/\/cliniqueophtalmo.tn\/wp-content\/uploads\/2020\/05\/iso-2006-cot-2-600x860.jpeg 600w\" sizes=\"auto, (max-width: 1407px) 100vw, 1407px\" \/>\t\t\t\t\t\t\t\t\t<\/div>\n\t\t\t<\/div>\n\t\t\t<\/div>\n<\/div>[\/vc_column][\/vc_row][vc_row row_content_width=&#8221;grid&#8221;][vc_column][vc_column_text]<\/p>\n<h4 class=\"tw-data-text tw-text-large XcVN5d tw-ta\" dir=\"rtl\" data-placeholder=\"Translation\"><span lang=\"ar\">\u0639\u0644\u0649 \u0639\u0643\u0633 \u0627\u0644\u0634\u0647\u0627\u062f\u0629<\/span><span lang=\"ar\">\u00a0<\/span><span lang=\"ar\">\u060c \u064a\u0641\u0631\u0636 \u0627\u0644\u0627\u0639\u062a\u0645\u0627\u062f \u0645\u0639\u064a\u0627\u0631\u0647 \u0627\u0644\u0645\u0639\u062a\u0631\u0641 \u0628\u0647 \u062f\u0648\u0644\u064a\u064b\u0627 \u0648\u0627\u0644\u0645\u0648\u062c\u064e\u0651\u0647 \u0646\u062d\u0648 \u0627\u0644\u0623\u0639\u0645\u0627\u0644 \u060c \u0645\u0639 \u0646\u0637\u0627\u0642 \u0648\u0638\u064a\u0641\u064a \u0634\u0627\u0645\u0644 \u0648\u0645\u062d\u062f\u064e\u0651\u062f \u0645\u0633\u0628\u0642\u064b\u0627 \u060c \u0648\u0627\u0644\u0630\u064a \u064a\u0634\u0647\u062f \u0628\u0623\u0646 \u062c\u0648\u062f\u0629 \u0627\u0644\u0631\u0639\u0627\u064a\u0629 \u0641\u064a \u0639\u064a\u0627\u062f\u0629 \u0645\u0639\u062a\u0645\u062f\u0629 \u0647\u064a \u0641\u064a \u0646\u0641\u0633 \u0627\u0644\u0645\u0633\u062a\u0648\u0649 \u0645\u062b\u0644 \u062a\u0644\u0643 \u0627\u0644\u0645\u0639\u062a\u0645\u062f\u0629 \u0641\u064a \u0627\u0644\u0648\u0644\u0627\u064a\u0627\u062a \u0627\u0644\u0645\u062a\u062d\u062f\u0629 \u0627\u0644\u0623\u0645\u0631\u064a\u0643\u064a\u0629 \u060c \u0641\u064a \u0623\u0644\u0645\u0627\u0646\u064a\u0627 \u0623\u0648 \u0641\u064a \u0627\u0644\u064a\u0627\u0628\u0627\u0646 \u0639\u0644\u0649 \u0633\u0628\u064a\u0644 \u0627\u0644\u0645\u062b\u0627\u0644. <\/span><\/h4>\n<h4 class=\"tw-data-text tw-text-large XcVN5d tw-ta\" dir=\"rtl\" data-placeholder=\"Translation\"><span lang=\"ar\">\u062a\u0645 \u0628\u0646\u0627\u0621 \u0639\u064a\u0627\u062f\u0629 \u0627\u0644\u0639\u064a\u0648\u0646 \u0627\u0644\u062c\u062f\u064a\u062f\u0629 \u0628\u062a\u0648\u0646\u0633 \u0645\u0639 \u0648\u0636\u0639 \u0645\u0634\u0631\u0648\u0639 \u0627\u0644\u0627\u0639\u062a\u0645\u0627\u062f \u0641\u064a \u0627\u0644\u0627\u0639\u062a\u0628\u0627\u0631 \u0648\u062a\u0641\u0636\u064a\u0644\u0627\u062a\u0647\u0627 \u062a\u062a\u062c\u0647 \u0646\u062d\u0648 &#8220;\u0627\u0644\u0627\u0639\u062a\u0645\u0627\u062f \u0627\u0644\u0643\u0646\u062f\u064a&#8221; \u0643\u0645\u0646\u0638\u0645\u0629 \u0627\u0639\u062a\u0645\u0627\u062f.<\/span><\/h4>\n<p>[\/vc_column_text][vc_empty_space][vc_row_inner content_placement=&#8221;middle&#8221; row_content_width=&#8221;grid&#8221;][vc_column_inner width=&#8221;1\/4&#8243;][\/vc_column_inner][vc_column_inner width=&#8221;1\/2&#8243;]<div class=\"mkdf-single-image-holder   \">\n    <div class=\"mkdf-si-inner\" >\n                                    <img loading=\"lazy\" decoding=\"async\" width=\"1024\" height=\"327\" src=\"https:\/\/cliniqueophtalmo.tn\/wp-content\/uploads\/2020\/05\/Accreditation-Logo-e1441163433428-1024x327.jpg\" class=\"attachment-large size-large\" alt=\"\" srcset=\"https:\/\/cliniqueophtalmo.tn\/wp-content\/uploads\/2020\/05\/Accreditation-Logo-e1441163433428-1024x327.jpg 1024w, https:\/\/cliniqueophtalmo.tn\/wp-content\/uploads\/2020\/05\/Accreditation-Logo-e1441163433428-300x96.jpg 300w, https:\/\/cliniqueophtalmo.tn\/wp-content\/uploads\/2020\/05\/Accreditation-Logo-e1441163433428-768x246.jpg 768w, https:\/\/cliniqueophtalmo.tn\/wp-content\/uploads\/2020\/05\/Accreditation-Logo-e1441163433428-600x192.jpg 600w, https:\/\/cliniqueophtalmo.tn\/wp-content\/uploads\/2020\/05\/Accreditation-Logo-e1441163433428.jpg 1764w\" sizes=\"auto, (max-width: 1024px) 100vw, 1024px\" \/>                        <\/div>\n<\/div>[\/vc_column_inner][vc_column_inner width=&#8221;1\/4&#8243;][\/vc_column_inner][\/vc_row_inner][\/vc_column][\/vc_row][vc_row row_content_width=&#8221;grid&#8221;][vc_column][vc_column_text]Forte de <strong>la culture qualit\u00e9<\/strong>, d\u00e9j\u00e0 \u00e9tabli <strong>le service qualit\u00e9<\/strong> en collaboration avec la soci\u00e9t\u00e9 conseil (H\u00e9la Mhirsi) pas d\u00e9j\u00e0 mis en place des <strong>principaux comit\u00e9 d&#8217;accr\u00e9ditation<\/strong> et les processus qui sont li\u00e9s.[\/vc_column_text][vc_empty_space][vc_row_inner content_placement=&#8221;middle&#8221; row_content_width=&#8221;grid&#8221; content_text_aligment=&#8221;center&#8221;][vc_column_inner width=&#8221;1\/4&#8243;][\/vc_column_inner][vc_column_inner width=&#8221;1\/2&#8243;]<div class=\"mkdf-single-image-holder   \">\n    <div class=\"mkdf-si-inner\" >\n                                    <img loading=\"lazy\" decoding=\"async\" width=\"1828\" height=\"1422\" src=\"https:\/\/cliniqueophtalmo.tn\/wp-content\/uploads\/2020\/05\/processus-cot.jpg\" class=\"attachment-full size-full\" alt=\"\" srcset=\"https:\/\/cliniqueophtalmo.tn\/wp-content\/uploads\/2020\/05\/processus-cot.jpg 1828w, https:\/\/cliniqueophtalmo.tn\/wp-content\/uploads\/2020\/05\/processus-cot-300x233.jpg 300w, https:\/\/cliniqueophtalmo.tn\/wp-content\/uploads\/2020\/05\/processus-cot-768x597.jpg 768w, https:\/\/cliniqueophtalmo.tn\/wp-content\/uploads\/2020\/05\/processus-cot-1024x797.jpg 1024w, https:\/\/cliniqueophtalmo.tn\/wp-content\/uploads\/2020\/05\/processus-cot-600x467.jpg 600w\" sizes=\"auto, (max-width: 1828px) 100vw, 1828px\" \/>                        <\/div>\n<\/div>[\/vc_column_inner][vc_column_inner width=&#8221;1\/4&#8243;][\/vc_column_inner][\/vc_row_inner][\/vc_column][\/vc_row][vc_row row_content_width=&#8221;grid&#8221;][vc_column][vc_column_text]<\/p>\n<h5 style=\"text-align: right;\">\u0647\u0630\u0627 \u0627\u0644\u0627\u0644\u062a\u0632\u0627\u0645 \u0628\u0627\u0639\u062a\u0645\u0627\u062f \u0627\u0644\u0639\u064a\u0627\u062f\u0629 \u064a\u062a\u062c\u0627\u0648\u0632 \u0628\u0643\u062b\u064a\u0631 \u0627\u0644\u0645\u062a\u0637\u0644\u0628\u0627\u062a \u0627\u0644\u062a\u0646\u0638\u064a\u0645\u064a\u0629 \u0627\u0644\u0645\u0639\u062a\u0627\u062f\u0629 \u060c \u0645\u0645\u0627 \u064a\u0636\u0639 \u0633\u0644\u0627\u0645\u0629 \u0648\u0631\u0641\u0627\u0647\u064a\u0629 \u0627\u0644\u0645\u0631\u064a\u0636 \u0641\u064a \u0642\u0644\u0628 \u0627\u0647\u062a\u0645\u0627\u0645\u0627\u062a\u0647\u0627 \u0648\u0646\u0645\u0648\u0630\u062c \u0639\u0645\u0644\u0647\u0627.<\/h5>\n<p>[\/vc_column_text][vc_empty_space]<div class=\"mkdf-single-image-holder   \">\n    <div class=\"mkdf-si-inner\" >\n                                    <img loading=\"lazy\" decoding=\"async\" width=\"4800\" height=\"1731\" src=\"https:\/\/cliniqueophtalmo.tn\/wp-content\/uploads\/2020\/02\/drone-cot-2.jpg\" class=\"attachment-full size-full\" alt=\"Chirurgie Clinique Ophtalmologique de Tunis\" srcset=\"https:\/\/cliniqueophtalmo.tn\/wp-content\/uploads\/2020\/02\/drone-cot-2.jpg 4800w, https:\/\/cliniqueophtalmo.tn\/wp-content\/uploads\/2020\/02\/drone-cot-2-300x108.jpg 300w, https:\/\/cliniqueophtalmo.tn\/wp-content\/uploads\/2020\/02\/drone-cot-2-768x277.jpg 768w, https:\/\/cliniqueophtalmo.tn\/wp-content\/uploads\/2020\/02\/drone-cot-2-1024x369.jpg 1024w, https:\/\/cliniqueophtalmo.tn\/wp-content\/uploads\/2020\/02\/drone-cot-2-600x216.jpg 600w\" sizes=\"auto, (max-width: 4800px) 100vw, 4800px\" \/>                        <\/div>\n<\/div>[vc_empty_space][\/vc_column][\/vc_row]<\/p>\n","protected":false},"excerpt":{"rendered":"<p>[vc_row][vc_column][vc_empty_space height=&#8221;29px&#8221;][vc_empty_space height=&#8221;29px&#8221;][\/vc_column][\/vc_row][vc_row content_placement=&#8221;middle&#8221; row_content_width=&#8221;grid&#8221;][vc_column][vc_column_text] \u0634\u0647\u0627\u062f\u0629 ISO \u0647\u064a \u0625\u062c\u0631\u0627\u0621 \u064a\u062a\u0645 \u0645\u0646 \u062e\u0644\u0627\u0644\u0647 \u062a\u0645\u0643\u064a\u0646 \u0637\u0631\u0641 \u062b\u0627\u0644\u062b. \u0627\u0644\u0645\u0646\u0638\u0645\u0629 \u0627\u0644\u062f\u0648\u0644\u064a\u0629 \u0644\u0644\u062a\u0648\u062d\u064a\u062f \u0627\u0644\u0642\u064a\u0627\u0633\u064a (\u0623\u0648 ISO) \u0643\u062a\u0623\u0643\u064a\u062f \u0645\u0643\u062a\u0648\u0628 \u0639\u0644\u0649 \u0623\u0646 \u0627\u0644\u062e\u062f\u0645\u0629 \u0627\u0644\u062a\u064a \u062a\u0642\u062f\u0645\u0647\u0627 \u0627\u0644\u0639\u064a\u0627\u062f\u0629 \u062a\u062a\u0648\u0627\u0641\u0642 \u0645\u0639 \u0645\u062a\u0637\u0644\u0628\u0627\u062a \u0627\u0644\u062c\u0648\u062f\u0629 \u0627\u0644\u0645\u062d\u062f\u062f\u0629 \u0641\u064a \u0627\u0644\u0645\u0639\u064a\u0627\u0631. \u0648\u0645\u0639 \u0630\u0644\u0643 \u060c \u062a\u0645 [&hellip;]<\/p>\n","protected":false},"author":1,"featured_media":0,"parent":5748,"menu_order":0,"comment_status":"closed","ping_status":"closed","template":"full-width.php","meta":{"footnotes":""},"class_list":["post-5756","page","type-page","status-publish","hentry"],"_links":{"self":[{"href":"https:\/\/cliniqueophtalmo.tn\/ar\/wp-json\/wp\/v2\/pages\/5756","targetHints":{"allow":["GET"]}}],"collection":[{"href":"https:\/\/cliniqueophtalmo.tn\/ar\/wp-json\/wp\/v2\/pages"}],"about":[{"href":"https:\/\/cliniqueophtalmo.tn\/ar\/wp-json\/wp\/v2\/types\/page"}],"author":[{"embeddable":true,"href":"https:\/\/cliniqueophtalmo.tn\/ar\/wp-json\/wp\/v2\/users\/1"}],"replies":[{"embeddable":true,"href":"https:\/\/cliniqueophtalmo.tn\/ar\/wp-json\/wp\/v2\/comments?post=5756"}],"version-history":[{"count":21,"href":"https:\/\/cliniqueophtalmo.tn\/ar\/wp-json\/wp\/v2\/pages\/5756\/revisions"}],"predecessor-version":[{"id":7076,"href":"https:\/\/cliniqueophtalmo.tn\/ar\/wp-json\/wp\/v2\/pages\/5756\/revisions\/7076"}],"up":[{"embeddable":true,"href":"https:\/\/cliniqueophtalmo.tn\/ar\/wp-json\/wp\/v2\/pages\/5748"}],"wp:attachment":[{"href":"https:\/\/cliniqueophtalmo.tn\/ar\/wp-json\/wp\/v2\/media?parent=5756"}],"curies":[{"name":"wp","href":"https:\/\/api.w.org\/{rel}","templated":true}]}}